{"id":116,"date":"2015-09-14T09:21:47","date_gmt":"2015-09-14T09:21:47","guid":{"rendered":"http:\/\/www.bioetiikka.fi\/?page_id=116"},"modified":"2024-06-04T15:49:06","modified_gmt":"2024-06-04T12:49:06","slug":"muuta","status":"publish","type":"page","link":"https:\/\/www.bioetiikka.fi\/?page_id=116","title":{"rendered":"Materiaalia"},"content":{"rendered":"<p><a href=\"http:\/\/www.bioetiikka.fi\/?page_id=1167\">Julkaisuja<\/a>-sivulle ker\u00e4t\u00e4\u00e4n kiinnostavia uusia julkaisuja ja muuta aineistoa bioetiikasta ja -oikeudesta.<\/p>\n<p><a href=\"https:\/\/www.bioetiikka.fi\/?page_id=2460\">MyBioethics-sovellus<\/a> tarjoaa monipuolisen ja uuden tavan opiskella bioetiikkaa sek\u00e4 osallistua bioeettisten teemojen pohdintaan.<\/p>\n<p><a href=\"http:\/\/www.bioetiikka.fi\/?page_id=1169\">Podcasteista<\/a> l\u00f6yd\u00e4t muun muassa instituutin podcast-sarjan, jossa haastatellaan ihmisi\u00e4 eri aloilta bioetiikan ja -oikeuden ymp\u00e4rilt\u00e4.<\/p>\n<p><a href=\"http:\/\/www.bioetiikka.fi\/?page_id=86\">Linkkikokoelma<\/a> tarjoaa kiinnostavia yhteyksi\u00e4 eteenp\u00e4in. Ehdotukset uusiksi linkeiksi otetaan l\u00e4mpim\u00e4sti vastaan.<\/p>\n<p><a href=\"https:\/\/www.bioetiikka.fi\/?page_id=1795\">Kuvapankki<\/a> medialle, Wikipediaan ja muuhun vastaavaan k\u00e4ytt\u00f6\u00f6n.<\/p>\n","protected":false},"excerpt":{"rendered":"<p>Julkaisuja-sivulle ker\u00e4t\u00e4\u00e4n kiinnostavia uusia julkaisuja ja muuta aineistoa bioetiikasta ja -oikeudesta. MyBioethics-sovellus tarjoaa monipuolisen ja uuden tavan opiskella bioetiikkaa sek\u00e4 osallistua bioeettisten teemojen pohdintaan. Podcasteista l\u00f6yd\u00e4t muun muassa instituutin podcast-sarjan, jossa haastatellaan ihmisi\u00e4 eri aloilta bioetiikan ja -oikeuden ymp\u00e4rilt\u00e4. Linkkikokoelma tarjoaa kiinnostavia yhteyksi\u00e4 eteenp\u00e4in. Ehdotukset uusiksi linkeiksi otetaan l\u00e4mpim\u00e4sti vastaan. Kuvapankki medialle, Wikipediaan ja muuhun &hellip; <\/p>\n<p class=\"link-more\"><a href=\"https:\/\/www.bioetiikka.fi\/?page_id=116\" class=\"more-link\">Jatka lukemista<span class=\"screen-reader-text\"> &#8221;Materiaalia&#8221;<\/span><\/a><\/p>\n","protected":false},"author":1,"featured_media":0,"parent":0,"menu_order":0,"comment_status":"closed","ping_status":"closed","template":"","meta":{"_uag_custom_page_level_css":"","footnotes":""},"class_list":["post-116","page","type-page","status-publish","hentry"],"yoast_head":"<!-- This site is optimized with the Yoast SEO plugin v27.5 - https:\/\/yoast.com\/product\/yoast-seo-wordpress\/ -->\n<title>Materiaalia - Bioetiikan instituutti<\/title>\n<meta name=\"robots\" content=\"index, follow, max-snippet:-1, max-image-preview:large, max-video-preview:-1\" \/>\n<link rel=\"canonical\" href=\"https:\/\/www.bioetiikka.fi\/?page_id=116\" \/>\n<meta property=\"og:locale\" content=\"fi_FI\" \/>\n<meta property=\"og:type\" content=\"article\" \/>\n<meta property=\"og:title\" content=\"Materiaalia - Bioetiikan instituutti\" \/>\n<meta property=\"og:description\" content=\"Julkaisuja-sivulle ker\u00e4t\u00e4\u00e4n kiinnostavia uusia julkaisuja ja muuta aineistoa bioetiikasta ja -oikeudesta. MyBioethics-sovellus tarjoaa monipuolisen ja uuden tavan opiskella bioetiikkaa sek\u00e4 osallistua bioeettisten teemojen pohdintaan. Podcasteista l\u00f6yd\u00e4t muun muassa instituutin podcast-sarjan, jossa haastatellaan ihmisi\u00e4 eri aloilta bioetiikan ja -oikeuden ymp\u00e4rilt\u00e4. Linkkikokoelma tarjoaa kiinnostavia yhteyksi\u00e4 eteenp\u00e4in. Ehdotukset uusiksi linkeiksi otetaan l\u00e4mpim\u00e4sti vastaan. Kuvapankki medialle, Wikipediaan ja muuhun &hellip; Jatka lukemista &quot;Materiaalia&quot;\" \/>\n<meta property=\"og:url\" content=\"https:\/\/www.bioetiikka.fi\/?page_id=116\" \/>\n<meta property=\"og:site_name\" content=\"Bioetiikan instituutti\" \/>\n<meta property=\"article:modified_time\" content=\"2024-06-04T12:49:06+00:00\" \/>\n<meta name=\"twitter:card\" content=\"summary_large_image\" \/>\n<meta name=\"twitter:label1\" content=\"Arvioitu lukuaika\" \/>\n\t<meta name=\"twitter:data1\" content=\"1 minuutti\" \/>\n<script type=\"application\/ld+json\" class=\"yoast-schema-graph\">{\"@context\":\"https:\\\/\\\/schema.org\",\"@graph\":[{\"@type\":\"WebPage\",\"@id\":\"https:\\\/\\\/www.bioetiikka.fi\\\/?page_id=116\",\"url\":\"https:\\\/\\\/www.bioetiikka.fi\\\/?page_id=116\",\"name\":\"Materiaalia - Bioetiikan instituutti\",\"isPartOf\":{\"@id\":\"https:\\\/\\\/www.bioetiikka.fi\\\/#website\"},\"datePublished\":\"2015-09-14T09:21:47+00:00\",\"dateModified\":\"2024-06-04T12:49:06+00:00\",\"breadcrumb\":{\"@id\":\"https:\\\/\\\/www.bioetiikka.fi\\\/?page_id=116#breadcrumb\"},\"inLanguage\":\"fi\",\"potentialAction\":[{\"@type\":\"ReadAction\",\"target\":[\"https:\\\/\\\/www.bioetiikka.fi\\\/?page_id=116\"]}]},{\"@type\":\"BreadcrumbList\",\"@id\":\"https:\\\/\\\/www.bioetiikka.fi\\\/?page_id=116#breadcrumb\",\"itemListElement\":[{\"@type\":\"ListItem\",\"position\":1,\"name\":\"Home\",\"item\":\"https:\\\/\\\/www.bioetiikka.fi\\\/\"},{\"@type\":\"ListItem\",\"position\":2,\"name\":\"Materiaalia\"}]},{\"@type\":\"WebSite\",\"@id\":\"https:\\\/\\\/www.bioetiikka.fi\\\/#website\",\"url\":\"https:\\\/\\\/www.bioetiikka.fi\\\/\",\"name\":\"Bioetiikan instituutti\",\"description\":\"Edist&auml;mme bioetiikan tiedonalan tuntemusta ja k&auml;yt&auml;nn&ouml;n vaikutusta Suomessa\",\"potentialAction\":[{\"@type\":\"SearchAction\",\"target\":{\"@type\":\"EntryPoint\",\"urlTemplate\":\"https:\\\/\\\/www.bioetiikka.fi\\\/?s={search_term_string}\"},\"query-input\":{\"@type\":\"PropertyValueSpecification\",\"valueRequired\":true,\"valueName\":\"search_term_string\"}}],\"inLanguage\":\"fi\"}]}<\/script>\n<!-- \/ Yoast SEO plugin. -->","yoast_head_json":{"title":"Materiaalia - Bioetiikan instituutti","robots":{"index":"index","follow":"follow","max-snippet":"max-snippet:-1","max-image-preview":"max-image-preview:large","max-video-preview":"max-video-preview:-1"},"canonical":"https:\/\/www.bioetiikka.fi\/?page_id=116","og_locale":"fi_FI","og_type":"article","og_title":"Materiaalia - Bioetiikan instituutti","og_description":"Julkaisuja-sivulle ker\u00e4t\u00e4\u00e4n kiinnostavia uusia julkaisuja ja muuta aineistoa bioetiikasta ja -oikeudesta. MyBioethics-sovellus tarjoaa monipuolisen ja uuden tavan opiskella bioetiikkaa sek\u00e4 osallistua bioeettisten teemojen pohdintaan. Podcasteista l\u00f6yd\u00e4t muun muassa instituutin podcast-sarjan, jossa haastatellaan ihmisi\u00e4 eri aloilta bioetiikan ja -oikeuden ymp\u00e4rilt\u00e4. Linkkikokoelma tarjoaa kiinnostavia yhteyksi\u00e4 eteenp\u00e4in. Ehdotukset uusiksi linkeiksi otetaan l\u00e4mpim\u00e4sti vastaan. Kuvapankki medialle, Wikipediaan ja muuhun &hellip; Jatka lukemista \"Materiaalia\"","og_url":"https:\/\/www.bioetiikka.fi\/?page_id=116","og_site_name":"Bioetiikan instituutti","article_modified_time":"2024-06-04T12:49:06+00:00","twitter_card":"summary_large_image","twitter_misc":{"Arvioitu lukuaika":"1 minuutti"},"schema":{"@context":"https:\/\/schema.org","@graph":[{"@type":"WebPage","@id":"https:\/\/www.bioetiikka.fi\/?page_id=116","url":"https:\/\/www.bioetiikka.fi\/?page_id=116","name":"Materiaalia - Bioetiikan instituutti","isPartOf":{"@id":"https:\/\/www.bioetiikka.fi\/#website"},"datePublished":"2015-09-14T09:21:47+00:00","dateModified":"2024-06-04T12:49:06+00:00","breadcrumb":{"@id":"https:\/\/www.bioetiikka.fi\/?page_id=116#breadcrumb"},"inLanguage":"fi","potentialAction":[{"@type":"ReadAction","target":["https:\/\/www.bioetiikka.fi\/?page_id=116"]}]},{"@type":"BreadcrumbList","@id":"https:\/\/www.bioetiikka.fi\/?page_id=116#breadcrumb","itemListElement":[{"@type":"ListItem","position":1,"name":"Home","item":"https:\/\/www.bioetiikka.fi\/"},{"@type":"ListItem","position":2,"name":"Materiaalia"}]},{"@type":"WebSite","@id":"https:\/\/www.bioetiikka.fi\/#website","url":"https:\/\/www.bioetiikka.fi\/","name":"Bioetiikan instituutti","description":"Edist&auml;mme bioetiikan tiedonalan tuntemusta ja k&auml;yt&auml;nn&ouml;n vaikutusta Suomessa","potentialAction":[{"@type":"SearchAction","target":{"@type":"EntryPoint","urlTemplate":"https:\/\/www.bioetiikka.fi\/?s={search_term_string}"},"query-input":{"@type":"PropertyValueSpecification","valueRequired":true,"valueName":"search_term_string"}}],"inLanguage":"fi"}]}},"uagb_featured_image_src":{"full":false,"thumbnail":false,"medium":false,"medium_large":false,"large":false,"1536x1536":false,"2048x2048":false,"twentyseventeen-featured-image":false,"twentyseventeen-thumbnail-avatar":false},"uagb_author_info":{"display_name":"Yll\u00e4pito","author_link":"https:\/\/www.bioetiikka.fi\/?author=1"},"uagb_comment_info":0,"uagb_excerpt":"Julkaisuja-sivulle ker\u00e4t\u00e4\u00e4n kiinnostavia uusia julkaisuja ja muuta aineistoa bioetiikasta ja -oikeudesta. MyBioethics-sovellus tarjoaa monipuolisen ja uuden tavan opiskella bioetiikkaa sek\u00e4 osallistua bioeettisten teemojen pohdintaan. Podcasteista l\u00f6yd\u00e4t muun muassa instituutin podcast-sarjan, jossa haastatellaan ihmisi\u00e4 eri aloilta bioetiikan ja -oikeuden ymp\u00e4rilt\u00e4. Linkkikokoelma tarjoaa kiinnostavia yhteyksi\u00e4 eteenp\u00e4in. Ehdotukset uusiksi linkeiksi otetaan l\u00e4mpim\u00e4sti vastaan. Kuvapankki medialle, Wikipediaan ja muuhun&hellip;","_links":{"self":[{"href":"https:\/\/www.bioetiikka.fi\/index.php?rest_route=\/wp\/v2\/pages\/116","targetHints":{"allow":["GET"]}}],"collection":[{"href":"https:\/\/www.bioetiikka.fi\/index.php?rest_route=\/wp\/v2\/pages"}],"about":[{"href":"https:\/\/www.bioetiikka.fi\/index.php?rest_route=\/wp\/v2\/types\/page"}],"author":[{"embeddable":true,"href":"https:\/\/www.bioetiikka.fi\/index.php?rest_route=\/wp\/v2\/users\/1"}],"replies":[{"embeddable":true,"href":"https:\/\/www.bioetiikka.fi\/index.php?rest_route=%2Fwp%2Fv2%2Fcomments&post=116"}],"version-history":[{"count":13,"href":"https:\/\/www.bioetiikka.fi\/index.php?rest_route=\/wp\/v2\/pages\/116\/revisions"}],"predecessor-version":[{"id":2799,"href":"https:\/\/www.bioetiikka.fi\/index.php?rest_route=\/wp\/v2\/pages\/116\/revisions\/2799"}],"wp:attachment":[{"href":"https:\/\/www.bioetiikka.fi\/index.php?rest_route=%2Fwp%2Fv2%2Fmedia&parent=116"}],"curies":[{"name":"wp","href":"https:\/\/api.w.org\/{rel}","templated":true}]}}