{"id":1492,"date":"2018-04-11T13:05:18","date_gmt":"2018-04-11T10:05:18","guid":{"rendered":"http:\/\/www.bioetiikka.fi\/?page_id=1492"},"modified":"2022-12-28T19:20:51","modified_gmt":"2022-12-28T17:20:51","slug":"perustiedot","status":"publish","type":"page","link":"https:\/\/www.bioetiikka.fi\/?page_id=1492","title":{"rendered":"Perustiedot"},"content":{"rendered":"<div class=\"entry clearfix\">\n<p><a href=\"http:\/\/www.bioetiikka.fi\/?page_id=78\">Mit\u00e4 on bioetiikka?<\/a> Lue kuvaus tiedonalasta instituutin toiminnan ytimess\u00e4.<\/p>\n<p><a href=\"http:\/\/www.bioetiikka.fi\/?page_id=70\">Instituutin teht\u00e4v\u00e4.<\/a> Pyrimme edist\u00e4m\u00e4\u00e4n bioetiikan alaa monin eri tavoin Suomessa. Erityisen\u00e4 tavoitteenamme on tukea muutosta arjen ruohonjuuritasolla.<\/p>\n<p><a href=\"http:\/\/www.bioetiikka.fi\/?page_id=82\">Ihmiset.<\/a> Instituutin tekij\u00e4t l\u00f6yd\u00e4t t\u00e4\u00e4lt\u00e4.<\/p>\n<p><a href=\"http:\/\/www.bioetiikka.fi\/?page_id=864\">Tukijat.<\/a> L\u00e4mmin kiitos tukijoillemme.<\/p>\n<\/div>\n","protected":false},"excerpt":{"rendered":"<p>Mit\u00e4 on bioetiikka? Lue kuvaus tiedonalasta instituutin toiminnan ytimess\u00e4. Instituutin teht\u00e4v\u00e4. Pyrimme edist\u00e4m\u00e4\u00e4n bioetiikan alaa monin eri tavoin Suomessa. Erityisen\u00e4 tavoitteenamme on tukea muutosta arjen ruohonjuuritasolla. Ihmiset. Instituutin tekij\u00e4t l\u00f6yd\u00e4t t\u00e4\u00e4lt\u00e4. Tukijat. L\u00e4mmin kiitos tukijoillemme.<\/p>\n","protected":false},"author":1,"featured_media":0,"parent":0,"menu_order":0,"comment_status":"closed","ping_status":"closed","template":"","meta":{"_uag_custom_page_level_css":"","footnotes":""},"class_list":["post-1492","page","type-page","status-publish","hentry"],"yoast_head":"<!-- This site is optimized with the Yoast SEO plugin v27.5 - https:\/\/yoast.com\/product\/yoast-seo-wordpress\/ -->\n<title>Perustiedot - Bioetiikan instituutti<\/title>\n<meta name=\"robots\" content=\"index, follow, max-snippet:-1, max-image-preview:large, max-video-preview:-1\" \/>\n<link rel=\"canonical\" href=\"https:\/\/www.bioetiikka.fi\/?page_id=1492\" \/>\n<meta property=\"og:locale\" content=\"fi_FI\" \/>\n<meta property=\"og:type\" content=\"article\" \/>\n<meta property=\"og:title\" content=\"Perustiedot - Bioetiikan instituutti\" \/>\n<meta property=\"og:description\" content=\"Mit\u00e4 on bioetiikka? Lue kuvaus tiedonalasta instituutin toiminnan ytimess\u00e4. Instituutin teht\u00e4v\u00e4. Pyrimme edist\u00e4m\u00e4\u00e4n bioetiikan alaa monin eri tavoin Suomessa. Erityisen\u00e4 tavoitteenamme on tukea muutosta arjen ruohonjuuritasolla. Ihmiset. Instituutin tekij\u00e4t l\u00f6yd\u00e4t t\u00e4\u00e4lt\u00e4. Tukijat. L\u00e4mmin kiitos tukijoillemme.\" \/>\n<meta property=\"og:url\" content=\"https:\/\/www.bioetiikka.fi\/?page_id=1492\" \/>\n<meta property=\"og:site_name\" content=\"Bioetiikan instituutti\" \/>\n<meta property=\"article:modified_time\" content=\"2022-12-28T17:20:51+00:00\" \/>\n<meta name=\"twitter:card\" content=\"summary_large_image\" \/>\n<meta name=\"twitter:label1\" content=\"Arvioitu lukuaika\" \/>\n\t<meta name=\"twitter:data1\" content=\"1 minuutti\" \/>\n<script type=\"application\/ld+json\" class=\"yoast-schema-graph\">{\"@context\":\"https:\\\/\\\/schema.org\",\"@graph\":[{\"@type\":\"WebPage\",\"@id\":\"https:\\\/\\\/www.bioetiikka.fi\\\/?page_id=1492\",\"url\":\"https:\\\/\\\/www.bioetiikka.fi\\\/?page_id=1492\",\"name\":\"Perustiedot - Bioetiikan instituutti\",\"isPartOf\":{\"@id\":\"https:\\\/\\\/www.bioetiikka.fi\\\/#website\"},\"datePublished\":\"2018-04-11T10:05:18+00:00\",\"dateModified\":\"2022-12-28T17:20:51+00:00\",\"breadcrumb\":{\"@id\":\"https:\\\/\\\/www.bioetiikka.fi\\\/?page_id=1492#breadcrumb\"},\"inLanguage\":\"fi\",\"potentialAction\":[{\"@type\":\"ReadAction\",\"target\":[\"https:\\\/\\\/www.bioetiikka.fi\\\/?page_id=1492\"]}]},{\"@type\":\"BreadcrumbList\",\"@id\":\"https:\\\/\\\/www.bioetiikka.fi\\\/?page_id=1492#breadcrumb\",\"itemListElement\":[{\"@type\":\"ListItem\",\"position\":1,\"name\":\"Home\",\"item\":\"https:\\\/\\\/www.bioetiikka.fi\\\/\"},{\"@type\":\"ListItem\",\"position\":2,\"name\":\"Perustiedot\"}]},{\"@type\":\"WebSite\",\"@id\":\"https:\\\/\\\/www.bioetiikka.fi\\\/#website\",\"url\":\"https:\\\/\\\/www.bioetiikka.fi\\\/\",\"name\":\"Bioetiikan instituutti\",\"description\":\"Edist&auml;mme bioetiikan tiedonalan tuntemusta ja k&auml;yt&auml;nn&ouml;n vaikutusta Suomessa\",\"potentialAction\":[{\"@type\":\"SearchAction\",\"target\":{\"@type\":\"EntryPoint\",\"urlTemplate\":\"https:\\\/\\\/www.bioetiikka.fi\\\/?s={search_term_string}\"},\"query-input\":{\"@type\":\"PropertyValueSpecification\",\"valueRequired\":true,\"valueName\":\"search_term_string\"}}],\"inLanguage\":\"fi\"}]}<\/script>\n<!-- \/ Yoast SEO plugin. -->","yoast_head_json":{"title":"Perustiedot - Bioetiikan instituutti","robots":{"index":"index","follow":"follow","max-snippet":"max-snippet:-1","max-image-preview":"max-image-preview:large","max-video-preview":"max-video-preview:-1"},"canonical":"https:\/\/www.bioetiikka.fi\/?page_id=1492","og_locale":"fi_FI","og_type":"article","og_title":"Perustiedot - Bioetiikan instituutti","og_description":"Mit\u00e4 on bioetiikka? Lue kuvaus tiedonalasta instituutin toiminnan ytimess\u00e4. Instituutin teht\u00e4v\u00e4. Pyrimme edist\u00e4m\u00e4\u00e4n bioetiikan alaa monin eri tavoin Suomessa. Erityisen\u00e4 tavoitteenamme on tukea muutosta arjen ruohonjuuritasolla. Ihmiset. Instituutin tekij\u00e4t l\u00f6yd\u00e4t t\u00e4\u00e4lt\u00e4. Tukijat. L\u00e4mmin kiitos tukijoillemme.","og_url":"https:\/\/www.bioetiikka.fi\/?page_id=1492","og_site_name":"Bioetiikan instituutti","article_modified_time":"2022-12-28T17:20:51+00:00","twitter_card":"summary_large_image","twitter_misc":{"Arvioitu lukuaika":"1 minuutti"},"schema":{"@context":"https:\/\/schema.org","@graph":[{"@type":"WebPage","@id":"https:\/\/www.bioetiikka.fi\/?page_id=1492","url":"https:\/\/www.bioetiikka.fi\/?page_id=1492","name":"Perustiedot - Bioetiikan instituutti","isPartOf":{"@id":"https:\/\/www.bioetiikka.fi\/#website"},"datePublished":"2018-04-11T10:05:18+00:00","dateModified":"2022-12-28T17:20:51+00:00","breadcrumb":{"@id":"https:\/\/www.bioetiikka.fi\/?page_id=1492#breadcrumb"},"inLanguage":"fi","potentialAction":[{"@type":"ReadAction","target":["https:\/\/www.bioetiikka.fi\/?page_id=1492"]}]},{"@type":"BreadcrumbList","@id":"https:\/\/www.bioetiikka.fi\/?page_id=1492#breadcrumb","itemListElement":[{"@type":"ListItem","position":1,"name":"Home","item":"https:\/\/www.bioetiikka.fi\/"},{"@type":"ListItem","position":2,"name":"Perustiedot"}]},{"@type":"WebSite","@id":"https:\/\/www.bioetiikka.fi\/#website","url":"https:\/\/www.bioetiikka.fi\/","name":"Bioetiikan instituutti","description":"Edist&auml;mme bioetiikan tiedonalan tuntemusta ja k&auml;yt&auml;nn&ouml;n vaikutusta Suomessa","potentialAction":[{"@type":"SearchAction","target":{"@type":"EntryPoint","urlTemplate":"https:\/\/www.bioetiikka.fi\/?s={search_term_string}"},"query-input":{"@type":"PropertyValueSpecification","valueRequired":true,"valueName":"search_term_string"}}],"inLanguage":"fi"}]}},"uagb_featured_image_src":{"full":false,"thumbnail":false,"medium":false,"medium_large":false,"large":false,"1536x1536":false,"2048x2048":false,"twentyseventeen-featured-image":false,"twentyseventeen-thumbnail-avatar":false},"uagb_author_info":{"display_name":"Yll\u00e4pito","author_link":"https:\/\/www.bioetiikka.fi\/?author=1"},"uagb_comment_info":0,"uagb_excerpt":"Mit\u00e4 on bioetiikka? Lue kuvaus tiedonalasta instituutin toiminnan ytimess\u00e4. Instituutin teht\u00e4v\u00e4. Pyrimme edist\u00e4m\u00e4\u00e4n bioetiikan alaa monin eri tavoin Suomessa. Erityisen\u00e4 tavoitteenamme on tukea muutosta arjen ruohonjuuritasolla. Ihmiset. Instituutin tekij\u00e4t l\u00f6yd\u00e4t t\u00e4\u00e4lt\u00e4. Tukijat. L\u00e4mmin kiitos tukijoillemme.","_links":{"self":[{"href":"https:\/\/www.bioetiikka.fi\/index.php?rest_route=\/wp\/v2\/pages\/1492","targetHints":{"allow":["GET"]}}],"collection":[{"href":"https:\/\/www.bioetiikka.fi\/index.php?rest_route=\/wp\/v2\/pages"}],"about":[{"href":"https:\/\/www.bioetiikka.fi\/index.php?rest_route=\/wp\/v2\/types\/page"}],"author":[{"embeddable":true,"href":"https:\/\/www.bioetiikka.fi\/index.php?rest_route=\/wp\/v2\/users\/1"}],"replies":[{"embeddable":true,"href":"https:\/\/www.bioetiikka.fi\/index.php?rest_route=%2Fwp%2Fv2%2Fcomments&post=1492"}],"version-history":[{"count":8,"href":"https:\/\/www.bioetiikka.fi\/index.php?rest_route=\/wp\/v2\/pages\/1492\/revisions"}],"predecessor-version":[{"id":2469,"href":"https:\/\/www.bioetiikka.fi\/index.php?rest_route=\/wp\/v2\/pages\/1492\/revisions\/2469"}],"wp:attachment":[{"href":"https:\/\/www.bioetiikka.fi\/index.php?rest_route=%2Fwp%2Fv2%2Fmedia&parent=1492"}],"curies":[{"name":"wp","href":"https:\/\/api.w.org\/{rel}","templated":true}]}}