{"id":1569,"date":"2018-05-24T19:48:26","date_gmt":"2018-05-24T16:48:26","guid":{"rendered":"http:\/\/www.bioetiikka.fi\/?page_id=1569"},"modified":"2026-04-02T10:41:27","modified_gmt":"2026-04-02T07:41:27","slug":"tietosuojaseloste","status":"publish","type":"page","link":"https:\/\/www.bioetiikka.fi\/?page_id=1569","title":{"rendered":"Tietosuojaseloste"},"content":{"rendered":"\n<p><em>P\u00e4ivitetty viimeksi 2.4.2026.<\/em><\/p>\n\n\n\n<h3 class=\"wp-block-heading\">1. Tietojen ker\u00e4\u00e4minen<\/h3>\n\n\n\n<h4 class=\"wp-block-heading\">1.1. Uutiskirje<\/h4>\n\n\n\n<p>Bioetiikan instituutin s\u00e4hk\u00f6posti-uutiskirjeen tilaajista ker\u00e4t\u00e4\u00e4n heid\u00e4n ilmoituksensa perusteella&nbsp;<strong>s\u00e4hk\u00f6postiosoite<\/strong>. Samalla tallentuu lomakkeen l\u00e4hett\u00e4j\u00e4n IP-osoite. Uutiskirjeen l\u00e4hett\u00e4miseen k\u00e4yt\u00e4mme Mailchimp-palvelua, jonka tietosuojaseloste l\u00f6ytyy osoitteesta: <a href=\"https:\/\/mailchimp.com\/legal\/\" target=\"_blank\" rel=\"noopener noreferrer\">https:\/\/mailchimp.com\/legal\/<\/a><\/p>\n\n\n\n<h4 class=\"wp-block-heading\">1.2. Palautelomake<\/h4>\n\n\n\n<p>Bioetiikan instituutin palautelomakkeen l\u00e4hett\u00e4jist\u00e4 ker\u00e4t\u00e4\u00e4n heid\u00e4n ilmoituksensa perusteella <strong>nimi<\/strong>, <strong>s\u00e4hk\u00f6postiosoite<\/strong> ja <strong>palaute<\/strong>. Tarkistamme my\u00f6s viestin automaattisesti roskapostin est\u00e4miseksi k\u00e4ytt\u00e4m\u00e4ll\u00e4 sivuston perustoiminnallisuuteen kuuluvia palveluita, jotka on listattu alla.<\/p>\n\n\n\n<h4 class=\"wp-block-heading\">1.3. Sivuston perustoiminnallisuus<\/h4>\n\n\n\n<p>Sivuston k\u00e4ytt\u00e4jilt\u00e4 ker\u00e4\u00e4mme my\u00f6s seuraavaa tietoa sivun perustoiminnallisuuden eli toimivuuden ja turvallisuuden tukemiseksi:<\/p>\n\n\n\n<h4 class=\"wp-block-heading\">1.3.1. Akismet-palvelu<\/h4>\n\n\n\n<p>Sivustolla on k\u00e4yt\u00f6ss\u00e4 Akismet-palvelu, joka pyrkii est\u00e4m\u00e4\u00e4n robottien tekem\u00e4n roskapostituksen. Palvelun tietosuojaseloste l\u00f6ytyy osoitteeesta: <a href=\"https:\/\/akismet.com\/privacy\/\" target=\"_blank\" rel=\"noopener\">https:\/\/akismet.com\/privacy\/<\/a>.<\/p>\n\n\n\n<h4 class=\"wp-block-heading\">1.3.2. Wordfence-palvelu<\/h4>\n\n\n\n<p>Sivustolla on k\u00e4yt\u00f6ss\u00e4 Wordfence-palvelu, jonka tarkoitus on suojata sivustoa v\u00e4\u00e4rink\u00e4yt\u00f6ksilt\u00e4, kuten tietomurroilta. Palvelu tarkkailee yleisesti ottaen k\u00e4ytt\u00e4jien toimintaa est\u00e4\u00e4kseen haitallisten toimintojen suorittamista sivustolla sek\u00e4 sivuston k\u00e4ytt\u00e4mist\u00e4 haitallisista l\u00e4hteist\u00e4. Palvelun tietosuojaseloste l\u00f6ytyy osoitteesta: <a href=\"https:\/\/www.wordfence.com\/privacy-policy\/\" target=\"_blank\" rel=\"noopener\">https:\/\/www.wordfence.com\/privacy-policy\/<\/a>.<\/p>\n\n\n\n<h4 class=\"wp-block-heading\">1.3.3. Kommentit<\/h4>\n\n\n\n<p>Kun sivuston k\u00e4ytt\u00e4j\u00e4t j\u00e4tt\u00e4v\u00e4t kommentteja sivustolle, ker\u00e4\u00e4mme kommenttilomakkeessa olevat tiedot sek\u00e4 k\u00e4ytt\u00e4j\u00e4n IP-osoitteen ja selaimen versiotiedot roskaviestien tunnistamisen helpottamiseksi. T\u00e4ss\u00e4 prosessissa hy\u00f6dynn\u00e4mme yll\u00e4 kuvattuja sivuston toiminnallisuutta ja turvallisuutta parantavia palveluita.<\/p>\n\n\n\n<p>S\u00e4hk\u00f6postiosoitteesta luotu anonymisoitu hajautustieto (hash) voidaan l\u00e4hett\u00e4\u00e4 Gravatar-palveluun, jotta tiedet\u00e4\u00e4n, onko kommentoija palvelun k\u00e4ytt\u00e4j\u00e4. Gravatar-palvelun tietosuojaseloste l\u00f6ytyy osoitteesta: <a href=\"https:\/\/automattic.com\/privacy\/\" target=\"_blank\" rel=\"noopener noreferrer\">https:\/\/automattic.com\/privacy\/<\/a>.<\/p>\n\n\n\n<h4 class=\"wp-block-heading\">1.3.4. Media<\/h4>\n\n\n\n<p>Mik\u00e4li lataat kuvia t\u00e4lle sivustolle, sinun tulee v\u00e4ltt\u00e4\u00e4 sellaisten kuvien lataamista, joissa on tallennettu paikkatieto (EXIF GPS). Sivuston vierailijat voivat ladata ja katsoa paikkatietoa kuvista, joita sivustolla on.<\/p>\n\n\n\n<h4 class=\"wp-block-heading\">1.3.5. Ev\u00e4steet (jos ei sis\u00e4lly muihin kohtiin)<\/h4>\n\n\n\n<p>Jos j\u00e4t\u00e4t kommentin sivustolle, voit valita nimen, s\u00e4hk\u00f6postiosoitteen ja url-osoitteen tallennuksen ev\u00e4steeseen. T\u00e4m\u00e4 toiminto lis\u00e4\u00e4 k\u00e4ytt\u00f6mukavuutta, koska lomaketta ei tarvitse t\u00e4ytt\u00e4\u00e4 jokaisella kerralla uudelleen kommenttia lis\u00e4tess\u00e4. Ev\u00e4stetieto poistetaan selaimesta automaattisesti vuoden kuluttua.<\/p>\n\n\n\n<p>Mik\u00e4li sinulla on tili ja kirjaudut sivustolle, asetamme v\u00e4liaikaisen ev\u00e4steen, joka p\u00e4\u00e4ttelee, tukeeko selaimesi ev\u00e4steit\u00e4 vai ei. T\u00e4m\u00e4 ev\u00e4ste ei sis\u00e4ll\u00e4 henkil\u00f6tietoa ja se poistetaan automaattisesti, kun selainikkuna suljetaan.<\/p>\n\n\n\n<p>Kun kirjaudut sis\u00e4\u00e4n, asetamme useita ev\u00e4steit\u00e4, jotka tallentavat kirjautumis- sek\u00e4 n\u00e4ytt\u00f6asetuksesi. Kirjautumisev\u00e4steet poistetaan automaattisesti kahden vuorokauden kuluessa, n\u00e4ytt\u00f6asetuksiin liittyv\u00e4t ev\u00e4steet poistuvat automaattisesti vuoden p\u00e4\u00e4st\u00e4. Mik\u00e4li valitset &#8221;Muista minut&#8221; kirjautumisen yhteydess\u00e4, kirjautumistietojasi s\u00e4ilytet\u00e4\u00e4n kahden viikon ajan. Mik\u00e4li kirjaudut ulos, kirjautumiseen liittyv\u00e4t ev\u00e4steet poistetaan samassa yhteydess\u00e4.<\/p>\n\n\n\n<p>Mik\u00e4li julkaiset artikkelin tai muokkaat olemassa olevaa artikkelia, tallennamme selaimeen ev\u00e4steen, joka sis\u00e4lt\u00e4\u00e4 muokattavan artikkelin ID:n. Ev\u00e4ste vanhenee yhdess\u00e4 vuorokaudessa.<\/p>\n\n\n\n<p>Asetamme my\u00f6s joukon ev\u00e4steit\u00e4, jotka vahvistavat, ett\u00e4 olet hyv\u00e4ksynyt tietosuojak\u00e4yt\u00e4nt\u00f6mme. N\u00e4m\u00e4 ev\u00e4steet vanhenevat yhdess\u00e4 vuodessa.<\/p>\n\n\n\n<h4 class=\"wp-block-heading\">1.3.6. Muilta sivustoilta upotettu sis\u00e4lt\u00f6<\/h4>\n\n\n\n<p>T\u00e4m\u00e4n sivuston artikkelit ja osiot voivat sis\u00e4lt\u00e4\u00e4 upotettua sis\u00e4lt\u00f6\u00e4 (esimerkiksi videoita, kuvia, artikkeleita jne.). Toisilta sivustoilta tuodun upotetun sis\u00e4ll\u00f6n avaaminen on verrattavissa siihen, ett\u00e4 vierailija itse k\u00e4visi kolmannen osapuolen sivustolla.<\/p>\n\n\n\n<p>N\u00e4m\u00e4 sivustot voivat ker\u00e4t\u00e4 tietoa sinusta, k\u00e4ytt\u00e4\u00e4 ev\u00e4steit\u00e4, upottaa kolmannen osapuolen seurantaev\u00e4steit\u00e4 ja monitoroida vuorovaikutustasi upotetun sis\u00e4ll\u00f6n kanssa, mukaan lukien vuorovaikutuksen seuranta, jos ja kun olet kirjautunut k\u00e4ytt\u00e4j\u00e4n\u00e4 sivustolle.<\/p>\n\n\n\n<h3 class=\"wp-block-heading\">2. Tietojen k\u00e4ytt\u00e4minen<\/h3>\n\n\n\n<p>Sivuston toimintaan liittyv\u00e4\u00e4 tietoa k\u00e4yt\u00e4mme ainoastaan sivuston perustoiminnallisuuden tukemiseen.<\/p>\n\n\n\n<p>Uutiskirjeen tilaajatietoja k\u00e4ytet\u00e4\u00e4n ainoastaan uutiskirjeen l\u00e4hett\u00e4miseen. Palautteen tietoja k\u00e4ytet\u00e4\u00e4n ainoastaan palautteeseen vastaamiseen.<\/p>\n\n\n\n<p>Henkil\u00f6tietojen k\u00e4sittelyn oikeusperusteet:<\/p>\n\n\n\n<p>Oikeutettu etu: Sivuston turvallisuuden valvonta ja roskapostin torjunta (Wordfence, Akismet).<\/p>\n\n\n\n<p>Suostumus: Uutiskirjeen tilaaminen, palautteen l\u00e4hett\u00e4minen ja kommenttien j\u00e4tt\u00e4minen ovat vapaaehtoisia toimia, joilla k\u00e4ytt\u00e4j\u00e4 antaa suostumuksensa tietojensa k\u00e4sittelyyn. Suostumuksen voi peruuttaa milloin tahansa.<\/p>\n\n\n\n<h3 class=\"wp-block-heading\">3. Tiedon s\u00e4ilytt\u00e4misen aika<\/h3>\n\n\n\n<p>Kommentit ja niiden metatiedot s\u00e4ilytet\u00e4\u00e4n sivuston toiminnallisen elinkaaren ajan, koska ne ovat osa sivuston sis\u00e4lt\u00f6\u00e4.<\/p>\n\n\n\n<p>Uutiskirjeen tilaajatiedot (s\u00e4hk\u00f6postiosoite, IP-osoite) s\u00e4ilytet\u00e4\u00e4n niin kauan kuin tilaus on voimassa. Tilauksen peruutuksen j\u00e4lkeen tiedot poistetaan 30 p\u00e4iv\u00e4n kuluessa.<\/p>\n\n\n\n<p>Palautelomakkeen tiedot s\u00e4ilytet\u00e4\u00e4n enint\u00e4\u00e4n 36 kuukautta viimeisest\u00e4 yhteydenotosta, mink\u00e4 j\u00e4lkeen ne poistetaan.<\/p>\n\n\n\n<h3 class=\"wp-block-heading\">4. Oikeutesi tietoon ja tiedon poistaminen<\/h3>\n\n\n\n<h4 class=\"wp-block-heading\">4.1. Sivuston perustoiminta<\/h4>\n\n\n\n<p>Mik\u00e4li sinulla on k\u00e4ytt\u00e4j\u00e4tili t\u00e4lle sivustolle tai olet j\u00e4tt\u00e4nyt kommentteja, voit pyyt\u00e4\u00e4 koostetiedostoa omista henkil\u00f6tiedoistasi, sis\u00e4lt\u00e4en kaiken henkil\u00f6tiedon, jonka olet meille antanut. Voit my\u00f6s pyyt\u00e4\u00e4 henkil\u00f6tietojesi poistoa. Oikeus omien tietojen poistoon ei koske sellaista henkil\u00f6tietoa, joka meid\u00e4n on s\u00e4ilytett\u00e4v\u00e4 yll\u00e4pidollisista, juridisista tai tietoturvaan liittyvist\u00e4 syist\u00e4.<\/p>\n\n\n\n<h4 class=\"wp-block-heading\">4.2. Uutiskirje<\/h4>\n\n\n\n<p>Voit poistaa itsen\u00e4isesti tietosi uutiskirjeen tilaajalistalta linkist\u00e4, jonka l\u00f6yd\u00e4t uutiskirjeen tilauksen vahvistusviestist\u00e4 sek\u00e4 jokaisesta uutiskirjeest\u00e4. Voimme my\u00f6s poistaa tietosi uutiskirjeen tilaajarekisterist\u00e4 pyynt\u00f6si pohjalta. Poistopyynn\u00f6n voit l\u00e4hett\u00e4\u00e4 <a href=\"http:\/\/www.bioetiikka.fi\/?page_id=60\">palautelomakkeen<\/a> kautta. Vastaamme my\u00f6s mielell\u00e4mme tietojasi koskeviin kysymyksiisi.<\/p>\n\n\n\n<h4 class=\"wp-block-heading\">4.3. Palautelomake<\/h4>\n\n\n\n<p>Poistamme palautteesi ja siihen liittyv\u00e4t henkil\u00f6tiedot pyynt\u00f6si perusteella 30 p\u00e4iv\u00e4n kuluessa, ellei s\u00e4ilytt\u00e4minen ole lain vaatimaa.<\/p>\n\n\n\n<h4 class=\"wp-block-heading\">4.4. Oikeus tehd\u00e4 valitus valvontaviranomaiselle<\/h4>\n\n\n\n<p>Jos katsot, ett\u00e4 henkil\u00f6tietojesi k\u00e4sittely rikkoo tietosuojas\u00e4\u00e4nn\u00f6ksi\u00e4, sinulla on oikeus tehd\u00e4 valitus tietosuojavaltuutetun toimistolle.<\/p>\n\n\n\n<h3 class=\"wp-block-heading\">5. Tietojen luovuttaminen kolmansille osapuolille ja kansainv\u00e4liset siirrot<\/h3>\n\n\n\n<p>Emme luovuta tietoja kolmansille osapuolille. Sivuston toimintaan liittyv\u00e4\u00e4 tietoa voidaan kuitenkin k\u00e4sitell\u00e4 palveluntarjoajien kautta edell\u00e4 kuvatulla tavalla.<\/p>\n\n\n\n<p>Osa sivuston teknisest\u00e4 infrastruktuurista on yhdysvaltalaisten yritysten tarjoamaa, mukaan lukien Wordfence, Akismet ja Mailchimp. Henkil\u00f6tietoja (kuten IP-osoitteita ja s\u00e4hk\u00f6postiosoitteita) voidaan siirt\u00e4\u00e4 n\u00e4ille palveluntarjoajille osana sivuston normaalia toimintaa. N\u00e4iden palveluntarjoajien tietosuojak\u00e4yt\u00e4nn\u00f6t on kuvattu kohdassa 1.<\/p>\n\n\n\n<h3 class=\"wp-block-heading\">6. Tietojen suojaaminen<\/h3>\n\n\n\n<p>Tiedot s\u00e4ilytet\u00e4\u00e4n digitaalisesti salasanojen ja tavanomaisten turvak\u00e4yt\u00e4nt\u00f6jen takana eik\u00e4 niihin ole p\u00e4\u00e4sy\u00e4 ulkopuolisilla. Sivuston ja rekisterien tietoturva pidet\u00e4\u00e4n ajantasaisena. Rekisterien yll\u00e4pidosta ja tietosuojasta vastaa Bioetiikan instituutin hallituksen puheenjohtaja <strong>Heikki Sax\u00e9n<\/strong>, johon yhteyden saa parhaiten <a href=\"http:\/\/www.bioetiikka.fi\/?page_id=60\">palautelomakkeen<\/a> kautta.<\/p>\n","protected":false},"excerpt":{"rendered":"<p>P\u00e4ivitetty viimeksi 2.4.2026. 1. Tietojen ker\u00e4\u00e4minen 1.1. Uutiskirje Bioetiikan instituutin s\u00e4hk\u00f6posti-uutiskirjeen tilaajista ker\u00e4t\u00e4\u00e4n heid\u00e4n ilmoituksensa perusteella&nbsp;s\u00e4hk\u00f6postiosoite. Samalla tallentuu lomakkeen l\u00e4hett\u00e4j\u00e4n IP-osoite. Uutiskirjeen l\u00e4hett\u00e4miseen k\u00e4yt\u00e4mme Mailchimp-palvelua, jonka tietosuojaseloste l\u00f6ytyy osoitteesta: https:\/\/mailchimp.com\/legal\/ 1.2. Palautelomake Bioetiikan instituutin palautelomakkeen l\u00e4hett\u00e4jist\u00e4 ker\u00e4t\u00e4\u00e4n heid\u00e4n ilmoituksensa perusteella nimi, s\u00e4hk\u00f6postiosoite ja palaute. Tarkistamme my\u00f6s viestin automaattisesti roskapostin est\u00e4miseksi k\u00e4ytt\u00e4m\u00e4ll\u00e4 sivuston perustoiminnallisuuteen kuuluvia palveluita, &hellip; <\/p>\n<p class=\"link-more\"><a href=\"https:\/\/www.bioetiikka.fi\/?page_id=1569\" class=\"more-link\">Jatka lukemista<span class=\"screen-reader-text\"> &#8221;Tietosuojaseloste&#8221;<\/span><\/a><\/p>\n","protected":false},"author":1,"featured_media":0,"parent":0,"menu_order":0,"comment_status":"closed","ping_status":"closed","template":"","meta":{"_uag_custom_page_level_css":"","footnotes":""},"class_list":["post-1569","page","type-page","status-publish","hentry"],"yoast_head":"<!-- This site is optimized with the Yoast SEO plugin v27.5 - https:\/\/yoast.com\/product\/yoast-seo-wordpress\/ -->\n<title>Tietosuojaseloste - Bioetiikan instituutti<\/title>\n<meta name=\"robots\" content=\"index, follow, max-snippet:-1, max-image-preview:large, max-video-preview:-1\" \/>\n<link rel=\"canonical\" href=\"https:\/\/www.bioetiikka.fi\/?page_id=1569\" \/>\n<meta property=\"og:locale\" content=\"fi_FI\" \/>\n<meta property=\"og:type\" content=\"article\" \/>\n<meta property=\"og:title\" content=\"Tietosuojaseloste - Bioetiikan instituutti\" \/>\n<meta property=\"og:description\" content=\"P\u00e4ivitetty viimeksi 2.4.2026. 1. Tietojen ker\u00e4\u00e4minen 1.1. Uutiskirje Bioetiikan instituutin s\u00e4hk\u00f6posti-uutiskirjeen tilaajista ker\u00e4t\u00e4\u00e4n heid\u00e4n ilmoituksensa perusteella&nbsp;s\u00e4hk\u00f6postiosoite. Samalla tallentuu lomakkeen l\u00e4hett\u00e4j\u00e4n IP-osoite. Uutiskirjeen l\u00e4hett\u00e4miseen k\u00e4yt\u00e4mme Mailchimp-palvelua, jonka tietosuojaseloste l\u00f6ytyy osoitteesta: https:\/\/mailchimp.com\/legal\/ 1.2. Palautelomake Bioetiikan instituutin palautelomakkeen l\u00e4hett\u00e4jist\u00e4 ker\u00e4t\u00e4\u00e4n heid\u00e4n ilmoituksensa perusteella nimi, s\u00e4hk\u00f6postiosoite ja palaute. Tarkistamme my\u00f6s viestin automaattisesti roskapostin est\u00e4miseksi k\u00e4ytt\u00e4m\u00e4ll\u00e4 sivuston perustoiminnallisuuteen kuuluvia palveluita, &hellip; Jatka lukemista &quot;Tietosuojaseloste&quot;\" \/>\n<meta property=\"og:url\" content=\"https:\/\/www.bioetiikka.fi\/?page_id=1569\" \/>\n<meta property=\"og:site_name\" content=\"Bioetiikan instituutti\" \/>\n<meta property=\"article:modified_time\" content=\"2026-04-02T07:41:27+00:00\" \/>\n<meta name=\"twitter:card\" content=\"summary_large_image\" \/>\n<meta name=\"twitter:label1\" content=\"Arvioitu lukuaika\" \/>\n\t<meta name=\"twitter:data1\" content=\"5 minuuttia\" \/>\n<script type=\"application\/ld+json\" class=\"yoast-schema-graph\">{\"@context\":\"https:\\\/\\\/schema.org\",\"@graph\":[{\"@type\":\"WebPage\",\"@id\":\"https:\\\/\\\/www.bioetiikka.fi\\\/?page_id=1569\",\"url\":\"https:\\\/\\\/www.bioetiikka.fi\\\/?page_id=1569\",\"name\":\"Tietosuojaseloste - Bioetiikan instituutti\",\"isPartOf\":{\"@id\":\"https:\\\/\\\/www.bioetiikka.fi\\\/#website\"},\"datePublished\":\"2018-05-24T16:48:26+00:00\",\"dateModified\":\"2026-04-02T07:41:27+00:00\",\"breadcrumb\":{\"@id\":\"https:\\\/\\\/www.bioetiikka.fi\\\/?page_id=1569#breadcrumb\"},\"inLanguage\":\"fi\",\"potentialAction\":[{\"@type\":\"ReadAction\",\"target\":[\"https:\\\/\\\/www.bioetiikka.fi\\\/?page_id=1569\"]}]},{\"@type\":\"BreadcrumbList\",\"@id\":\"https:\\\/\\\/www.bioetiikka.fi\\\/?page_id=1569#breadcrumb\",\"itemListElement\":[{\"@type\":\"ListItem\",\"position\":1,\"name\":\"Home\",\"item\":\"https:\\\/\\\/www.bioetiikka.fi\\\/\"},{\"@type\":\"ListItem\",\"position\":2,\"name\":\"Tietosuojaseloste\"}]},{\"@type\":\"WebSite\",\"@id\":\"https:\\\/\\\/www.bioetiikka.fi\\\/#website\",\"url\":\"https:\\\/\\\/www.bioetiikka.fi\\\/\",\"name\":\"Bioetiikan instituutti\",\"description\":\"Edist&auml;mme bioetiikan tiedonalan tuntemusta ja k&auml;yt&auml;nn&ouml;n vaikutusta Suomessa\",\"potentialAction\":[{\"@type\":\"SearchAction\",\"target\":{\"@type\":\"EntryPoint\",\"urlTemplate\":\"https:\\\/\\\/www.bioetiikka.fi\\\/?s={search_term_string}\"},\"query-input\":{\"@type\":\"PropertyValueSpecification\",\"valueRequired\":true,\"valueName\":\"search_term_string\"}}],\"inLanguage\":\"fi\"}]}<\/script>\n<!-- \/ Yoast SEO plugin. -->","yoast_head_json":{"title":"Tietosuojaseloste - Bioetiikan instituutti","robots":{"index":"index","follow":"follow","max-snippet":"max-snippet:-1","max-image-preview":"max-image-preview:large","max-video-preview":"max-video-preview:-1"},"canonical":"https:\/\/www.bioetiikka.fi\/?page_id=1569","og_locale":"fi_FI","og_type":"article","og_title":"Tietosuojaseloste - Bioetiikan instituutti","og_description":"P\u00e4ivitetty viimeksi 2.4.2026. 1. Tietojen ker\u00e4\u00e4minen 1.1. Uutiskirje Bioetiikan instituutin s\u00e4hk\u00f6posti-uutiskirjeen tilaajista ker\u00e4t\u00e4\u00e4n heid\u00e4n ilmoituksensa perusteella&nbsp;s\u00e4hk\u00f6postiosoite. Samalla tallentuu lomakkeen l\u00e4hett\u00e4j\u00e4n IP-osoite. Uutiskirjeen l\u00e4hett\u00e4miseen k\u00e4yt\u00e4mme Mailchimp-palvelua, jonka tietosuojaseloste l\u00f6ytyy osoitteesta: https:\/\/mailchimp.com\/legal\/ 1.2. Palautelomake Bioetiikan instituutin palautelomakkeen l\u00e4hett\u00e4jist\u00e4 ker\u00e4t\u00e4\u00e4n heid\u00e4n ilmoituksensa perusteella nimi, s\u00e4hk\u00f6postiosoite ja palaute. Tarkistamme my\u00f6s viestin automaattisesti roskapostin est\u00e4miseksi k\u00e4ytt\u00e4m\u00e4ll\u00e4 sivuston perustoiminnallisuuteen kuuluvia palveluita, &hellip; Jatka lukemista \"Tietosuojaseloste\"","og_url":"https:\/\/www.bioetiikka.fi\/?page_id=1569","og_site_name":"Bioetiikan instituutti","article_modified_time":"2026-04-02T07:41:27+00:00","twitter_card":"summary_large_image","twitter_misc":{"Arvioitu lukuaika":"5 minuuttia"},"schema":{"@context":"https:\/\/schema.org","@graph":[{"@type":"WebPage","@id":"https:\/\/www.bioetiikka.fi\/?page_id=1569","url":"https:\/\/www.bioetiikka.fi\/?page_id=1569","name":"Tietosuojaseloste - Bioetiikan instituutti","isPartOf":{"@id":"https:\/\/www.bioetiikka.fi\/#website"},"datePublished":"2018-05-24T16:48:26+00:00","dateModified":"2026-04-02T07:41:27+00:00","breadcrumb":{"@id":"https:\/\/www.bioetiikka.fi\/?page_id=1569#breadcrumb"},"inLanguage":"fi","potentialAction":[{"@type":"ReadAction","target":["https:\/\/www.bioetiikka.fi\/?page_id=1569"]}]},{"@type":"BreadcrumbList","@id":"https:\/\/www.bioetiikka.fi\/?page_id=1569#breadcrumb","itemListElement":[{"@type":"ListItem","position":1,"name":"Home","item":"https:\/\/www.bioetiikka.fi\/"},{"@type":"ListItem","position":2,"name":"Tietosuojaseloste"}]},{"@type":"WebSite","@id":"https:\/\/www.bioetiikka.fi\/#website","url":"https:\/\/www.bioetiikka.fi\/","name":"Bioetiikan instituutti","description":"Edist&auml;mme bioetiikan tiedonalan tuntemusta ja k&auml;yt&auml;nn&ouml;n vaikutusta Suomessa","potentialAction":[{"@type":"SearchAction","target":{"@type":"EntryPoint","urlTemplate":"https:\/\/www.bioetiikka.fi\/?s={search_term_string}"},"query-input":{"@type":"PropertyValueSpecification","valueRequired":true,"valueName":"search_term_string"}}],"inLanguage":"fi"}]}},"uagb_featured_image_src":{"full":false,"thumbnail":false,"medium":false,"medium_large":false,"large":false,"1536x1536":false,"2048x2048":false,"twentyseventeen-featured-image":false,"twentyseventeen-thumbnail-avatar":false},"uagb_author_info":{"display_name":"Yll\u00e4pito","author_link":"https:\/\/www.bioetiikka.fi\/?author=1"},"uagb_comment_info":0,"uagb_excerpt":"P\u00e4ivitetty viimeksi 2.4.2026. 1. Tietojen ker\u00e4\u00e4minen 1.1. Uutiskirje Bioetiikan instituutin s\u00e4hk\u00f6posti-uutiskirjeen tilaajista ker\u00e4t\u00e4\u00e4n heid\u00e4n ilmoituksensa perusteella&nbsp;s\u00e4hk\u00f6postiosoite. Samalla tallentuu lomakkeen l\u00e4hett\u00e4j\u00e4n IP-osoite. Uutiskirjeen l\u00e4hett\u00e4miseen k\u00e4yt\u00e4mme Mailchimp-palvelua, jonka tietosuojaseloste l\u00f6ytyy osoitteesta: https:\/\/mailchimp.com\/legal\/ 1.2. Palautelomake Bioetiikan instituutin palautelomakkeen l\u00e4hett\u00e4jist\u00e4 ker\u00e4t\u00e4\u00e4n heid\u00e4n ilmoituksensa perusteella nimi, s\u00e4hk\u00f6postiosoite ja palaute. Tarkistamme my\u00f6s viestin automaattisesti roskapostin est\u00e4miseksi k\u00e4ytt\u00e4m\u00e4ll\u00e4 sivuston perustoiminnallisuuteen kuuluvia palveluita,&hellip;","_links":{"self":[{"href":"https:\/\/www.bioetiikka.fi\/index.php?rest_route=\/wp\/v2\/pages\/1569","targetHints":{"allow":["GET"]}}],"collection":[{"href":"https:\/\/www.bioetiikka.fi\/index.php?rest_route=\/wp\/v2\/pages"}],"about":[{"href":"https:\/\/www.bioetiikka.fi\/index.php?rest_route=\/wp\/v2\/types\/page"}],"author":[{"embeddable":true,"href":"https:\/\/www.bioetiikka.fi\/index.php?rest_route=\/wp\/v2\/users\/1"}],"replies":[{"embeddable":true,"href":"https:\/\/www.bioetiikka.fi\/index.php?rest_route=%2Fwp%2Fv2%2Fcomments&post=1569"}],"version-history":[{"count":47,"href":"https:\/\/www.bioetiikka.fi\/index.php?rest_route=\/wp\/v2\/pages\/1569\/revisions"}],"predecessor-version":[{"id":3040,"href":"https:\/\/www.bioetiikka.fi\/index.php?rest_route=\/wp\/v2\/pages\/1569\/revisions\/3040"}],"wp:attachment":[{"href":"https:\/\/www.bioetiikka.fi\/index.php?rest_route=%2Fwp%2Fv2%2Fmedia&parent=1569"}],"curies":[{"name":"wp","href":"https:\/\/api.w.org\/{rel}","templated":true}]}}