{"id":1795,"date":"2019-06-16T14:28:57","date_gmt":"2019-06-16T11:28:57","guid":{"rendered":"https:\/\/www.bioetiikka.fi\/?page_id=1795"},"modified":"2023-09-29T12:10:30","modified_gmt":"2023-09-29T09:10:30","slug":"kuvapankki","status":"publish","type":"page","link":"https:\/\/www.bioetiikka.fi\/?page_id=1795","title":{"rendered":"Kuvapankki"},"content":{"rendered":"\n<p class=\"has-text-align-center\"><em>Kuvat vapaasti k\u00e4ytett\u00e4viss\u00e4 medialle, Wikipediaan ja muuhun vastaavaan k\u00e4ytt\u00f6\u00f6n.<br><\/em><\/p>\n\n\n\n<p class=\"has-text-align-center\"><em>Klikkaa kuvia p\u00e4\u00e4st\u00e4ksesi isompiin versioihin.<br><\/em><\/p>\n\n\n\n<p class=\"has-text-align-center\"><em>Images can be freely used in the media, Wikipedia and in other similar kind of use.<br><\/em><\/p>\n\n\n\n<p class=\"has-text-align-center\"><em>Click images to enlarge them.<br><\/em><\/p>\n\n\n\n<div style=\"height:25px\" aria-hidden=\"true\" class=\"wp-block-spacer\"><\/div>\n\n\n\n<p class=\"has-text-align-center\"><strong>P\u00e4ivitetty tunnuskuva, 29.9.2023.<\/strong><\/p>\n\n\n\n<p class=\"has-text-align-center\">Toteutus \/ Execution by Viktoria Heikkil\u00e4<\/p>\n\n\n\n<div class=\"wp-block-group is-horizontal is-content-justification-space-between is-nowrap is-layout-flex wp-container-core-group-is-layout-b493c794 wp-block-group-is-layout-flex\">\n<figure class=\"wp-block-image size-thumbnail is-resized\"><a href=\"https:\/\/www.bioetiikka.fi\/wp-content\/uploads\/2023\/09\/Black_background.jpg\"><img decoding=\"async\" src=\"https:\/\/www.bioetiikka.fi\/wp-content\/uploads\/2023\/09\/Black_background-150x150.jpg\" alt=\"\" class=\"wp-image-2527\" style=\"width:150px\" width=\"150\" srcset=\"https:\/\/www.bioetiikka.fi\/wp-content\/uploads\/2023\/09\/Black_background-150x150.jpg 150w, https:\/\/www.bioetiikka.fi\/wp-content\/uploads\/2023\/09\/Black_background-300x300.jpg 300w, https:\/\/www.bioetiikka.fi\/wp-content\/uploads\/2023\/09\/Black_background-768x768.jpg 768w, https:\/\/www.bioetiikka.fi\/wp-content\/uploads\/2023\/09\/Black_background-100x100.jpg 100w, https:\/\/www.bioetiikka.fi\/wp-content\/uploads\/2023\/09\/Black_background.jpg 963w\" sizes=\"(max-width: 150px) 100vw, 150px\" \/><\/a><figcaption class=\"wp-element-caption\">Musta<\/figcaption><\/figure>\n\n\n\n<figure class=\"wp-block-image size-thumbnail is-resized\"><a href=\"https:\/\/www.bioetiikka.fi\/wp-content\/uploads\/2023\/09\/White_background.jpg\"><img decoding=\"async\" src=\"https:\/\/www.bioetiikka.fi\/wp-content\/uploads\/2023\/09\/White_background-150x150.jpg\" alt=\"\" class=\"wp-image-2530\" style=\"width:150px\" width=\"150\" srcset=\"https:\/\/www.bioetiikka.fi\/wp-content\/uploads\/2023\/09\/White_background-150x150.jpg 150w, https:\/\/www.bioetiikka.fi\/wp-content\/uploads\/2023\/09\/White_background-300x300.jpg 300w, https:\/\/www.bioetiikka.fi\/wp-content\/uploads\/2023\/09\/White_background-768x768.jpg 768w, https:\/\/www.bioetiikka.fi\/wp-content\/uploads\/2023\/09\/White_background-100x100.jpg 100w, https:\/\/www.bioetiikka.fi\/wp-content\/uploads\/2023\/09\/White_background.jpg 963w\" sizes=\"(max-width: 150px) 100vw, 150px\" \/><\/a><figcaption class=\"wp-element-caption\">Valkoinen<\/figcaption><\/figure>\n\n\n\n<figure class=\"wp-block-image size-thumbnail is-resized\"><a href=\"https:\/\/www.bioetiikka.fi\/wp-content\/uploads\/2023\/09\/No_background.png\"><img decoding=\"async\" src=\"https:\/\/www.bioetiikka.fi\/wp-content\/uploads\/2023\/09\/No_background-150x150.png\" alt=\"\" class=\"wp-image-2528\" style=\"width:150px\" width=\"150\" srcset=\"https:\/\/www.bioetiikka.fi\/wp-content\/uploads\/2023\/09\/No_background-150x150.png 150w, https:\/\/www.bioetiikka.fi\/wp-content\/uploads\/2023\/09\/No_background-300x300.png 300w, https:\/\/www.bioetiikka.fi\/wp-content\/uploads\/2023\/09\/No_background-768x768.png 768w, https:\/\/www.bioetiikka.fi\/wp-content\/uploads\/2023\/09\/No_background-100x100.png 100w, https:\/\/www.bioetiikka.fi\/wp-content\/uploads\/2023\/09\/No_background.png 963w\" sizes=\"(max-width: 150px) 100vw, 150px\" \/><\/a><figcaption class=\"wp-element-caption\">L\u00e4pin\u00e4kyv\u00e4<\/figcaption><\/figure>\n<\/div>\n\n\n\n<div style=\"height:25px\" aria-hidden=\"true\" class=\"wp-block-spacer\"><\/div>\n\n\n\n<p class=\"has-text-align-left\"><\/p>\n\n\n\n<p class=\"has-text-align-center\"><strong>Heikki Sax\u00e9n, 28.1.2016.<\/strong><\/p>\n\n\n\n<p class=\"has-text-align-center\">Kuvat Jonne Renvall \/ Tampereen yliopisto<\/p>\n\n\n\n<p class=\"has-text-align-center\">Images by <span class=\"il\">Jonne<\/span> Renvall \/ Tampere University<\/p>\n\n\n<div class=\"wp-block-image\">\n<figure class=\"aligncenter\"><a href=\"https:\/\/www.bioetiikka.fi\/wp-content\/uploads\/2019\/06\/saxen-280116-JR-01.jpg\"><img loading=\"lazy\" decoding=\"async\" width=\"200\" height=\"300\" src=\"https:\/\/www.bioetiikka.fi\/wp-content\/uploads\/2019\/06\/saxen-280116-JR-01-200x300.jpg\" alt=\"\" class=\"wp-image-1796\" srcset=\"https:\/\/www.bioetiikka.fi\/wp-content\/uploads\/2019\/06\/saxen-280116-JR-01-200x300.jpg 200w, https:\/\/www.bioetiikka.fi\/wp-content\/uploads\/2019\/06\/saxen-280116-JR-01-768x1152.jpg 768w, https:\/\/www.bioetiikka.fi\/wp-content\/uploads\/2019\/06\/saxen-280116-JR-01-683x1024.jpg 683w, https:\/\/www.bioetiikka.fi\/wp-content\/uploads\/2019\/06\/saxen-280116-JR-01.jpg 1890w\" sizes=\"auto, (max-width: 200px) 100vw, 200px\" \/><\/a><\/figure>\n<\/div>\n\n<div class=\"wp-block-image\">\n<figure class=\"aligncenter\"><a href=\"https:\/\/www.bioetiikka.fi\/wp-content\/uploads\/2019\/06\/saxen-280116-JR-02.jpg\"><img loading=\"lazy\" decoding=\"async\" width=\"200\" height=\"300\" src=\"https:\/\/www.bioetiikka.fi\/wp-content\/uploads\/2019\/06\/saxen-280116-JR-02-200x300.jpg\" alt=\"\" class=\"wp-image-1797\" srcset=\"https:\/\/www.bioetiikka.fi\/wp-content\/uploads\/2019\/06\/saxen-280116-JR-02-200x300.jpg 200w, https:\/\/www.bioetiikka.fi\/wp-content\/uploads\/2019\/06\/saxen-280116-JR-02-768x1152.jpg 768w, https:\/\/www.bioetiikka.fi\/wp-content\/uploads\/2019\/06\/saxen-280116-JR-02-683x1024.jpg 683w, https:\/\/www.bioetiikka.fi\/wp-content\/uploads\/2019\/06\/saxen-280116-JR-02.jpg 1890w\" sizes=\"auto, (max-width: 200px) 100vw, 200px\" \/><\/a><\/figure>\n<\/div>\n\n<div class=\"wp-block-image\">\n<figure class=\"aligncenter\"><a href=\"https:\/\/www.bioetiikka.fi\/wp-content\/uploads\/2019\/06\/saxen-280116-JR-03.jpg\"><img loading=\"lazy\" decoding=\"async\" width=\"200\" height=\"300\" src=\"https:\/\/www.bioetiikka.fi\/wp-content\/uploads\/2019\/06\/saxen-280116-JR-03-200x300.jpg\" alt=\"\" class=\"wp-image-1798\" srcset=\"https:\/\/www.bioetiikka.fi\/wp-content\/uploads\/2019\/06\/saxen-280116-JR-03-200x300.jpg 200w, https:\/\/www.bioetiikka.fi\/wp-content\/uploads\/2019\/06\/saxen-280116-JR-03-768x1152.jpg 768w, https:\/\/www.bioetiikka.fi\/wp-content\/uploads\/2019\/06\/saxen-280116-JR-03-683x1024.jpg 683w, https:\/\/www.bioetiikka.fi\/wp-content\/uploads\/2019\/06\/saxen-280116-JR-03.jpg 1890w\" sizes=\"auto, (max-width: 200px) 100vw, 200px\" \/><\/a><\/figure>\n<\/div>\n\n<div class=\"wp-block-image\">\n<figure class=\"aligncenter\"><a href=\"https:\/\/www.bioetiikka.fi\/wp-content\/uploads\/2019\/06\/saxen-280116-JR-04.jpg\"><img loading=\"lazy\" decoding=\"async\" width=\"200\" height=\"300\" src=\"https:\/\/www.bioetiikka.fi\/wp-content\/uploads\/2019\/06\/saxen-280116-JR-04-200x300.jpg\" alt=\"\" class=\"wp-image-1799\" srcset=\"https:\/\/www.bioetiikka.fi\/wp-content\/uploads\/2019\/06\/saxen-280116-JR-04-200x300.jpg 200w, https:\/\/www.bioetiikka.fi\/wp-content\/uploads\/2019\/06\/saxen-280116-JR-04-768x1152.jpg 768w, https:\/\/www.bioetiikka.fi\/wp-content\/uploads\/2019\/06\/saxen-280116-JR-04-683x1024.jpg 683w, https:\/\/www.bioetiikka.fi\/wp-content\/uploads\/2019\/06\/saxen-280116-JR-04.jpg 1890w\" sizes=\"auto, (max-width: 200px) 100vw, 200px\" \/><\/a><\/figure>\n<\/div>\n\n<div class=\"wp-block-image\">\n<figure class=\"aligncenter\"><a href=\"https:\/\/www.bioetiikka.fi\/wp-content\/uploads\/2019\/06\/saxen-280116-JR-05.jpg\"><img loading=\"lazy\" decoding=\"async\" width=\"200\" height=\"300\" src=\"https:\/\/www.bioetiikka.fi\/wp-content\/uploads\/2019\/06\/saxen-280116-JR-05-200x300.jpg\" alt=\"\" class=\"wp-image-1800\" srcset=\"https:\/\/www.bioetiikka.fi\/wp-content\/uploads\/2019\/06\/saxen-280116-JR-05-200x300.jpg 200w, https:\/\/www.bioetiikka.fi\/wp-content\/uploads\/2019\/06\/saxen-280116-JR-05-768x1152.jpg 768w, https:\/\/www.bioetiikka.fi\/wp-content\/uploads\/2019\/06\/saxen-280116-JR-05-683x1024.jpg 683w, https:\/\/www.bioetiikka.fi\/wp-content\/uploads\/2019\/06\/saxen-280116-JR-05.jpg 1890w\" sizes=\"auto, (max-width: 200px) 100vw, 200px\" \/><\/a><\/figure>\n<\/div>","protected":false},"excerpt":{"rendered":"<p>Kuvat vapaasti k\u00e4ytett\u00e4viss\u00e4 medialle, Wikipediaan ja muuhun vastaavaan k\u00e4ytt\u00f6\u00f6n. Klikkaa kuvia p\u00e4\u00e4st\u00e4ksesi isompiin versioihin. Images can be freely used in the media, Wikipedia and in other similar kind of use. Click images to enlarge them. P\u00e4ivitetty tunnuskuva, 29.9.2023. Toteutus \/ Execution by Viktoria Heikkil\u00e4 Heikki Sax\u00e9n, 28.1.2016. Kuvat Jonne Renvall \/ Tampereen yliopisto Images by &hellip; <\/p>\n<p class=\"link-more\"><a href=\"https:\/\/www.bioetiikka.fi\/?page_id=1795\" class=\"more-link\">Jatka lukemista<span class=\"screen-reader-text\"> &#8221;Kuvapankki&#8221;<\/span><\/a><\/p>\n","protected":false},"author":1,"featured_media":0,"parent":0,"menu_order":0,"comment_status":"closed","ping_status":"closed","template":"","meta":{"_uag_custom_page_level_css":"","footnotes":""},"class_list":["post-1795","page","type-page","status-publish","hentry"],"yoast_head":"<!-- This site is optimized with the Yoast SEO plugin v27.5 - https:\/\/yoast.com\/product\/yoast-seo-wordpress\/ -->\n<title>Kuvapankki - Bioetiikan instituutti<\/title>\n<meta name=\"robots\" content=\"index, follow, max-snippet:-1, max-image-preview:large, max-video-preview:-1\" \/>\n<link rel=\"canonical\" href=\"https:\/\/www.bioetiikka.fi\/?page_id=1795\" \/>\n<meta property=\"og:locale\" content=\"fi_FI\" \/>\n<meta property=\"og:type\" content=\"article\" \/>\n<meta property=\"og:title\" content=\"Kuvapankki - Bioetiikan instituutti\" \/>\n<meta property=\"og:description\" content=\"Kuvat vapaasti k\u00e4ytett\u00e4viss\u00e4 medialle, Wikipediaan ja muuhun vastaavaan k\u00e4ytt\u00f6\u00f6n. Klikkaa kuvia p\u00e4\u00e4st\u00e4ksesi isompiin versioihin. Images can be freely used in the media, Wikipedia and in other similar kind of use. Click images to enlarge them. P\u00e4ivitetty tunnuskuva, 29.9.2023. Toteutus \/ Execution by Viktoria Heikkil\u00e4 Heikki Sax\u00e9n, 28.1.2016. Kuvat Jonne Renvall \/ Tampereen yliopisto Images by &hellip; Jatka lukemista &quot;Kuvapankki&quot;\" \/>\n<meta property=\"og:url\" content=\"https:\/\/www.bioetiikka.fi\/?page_id=1795\" \/>\n<meta property=\"og:site_name\" content=\"Bioetiikan instituutti\" \/>\n<meta property=\"article:modified_time\" content=\"2023-09-29T09:10:30+00:00\" \/>\n<meta property=\"og:image\" content=\"https:\/\/www.bioetiikka.fi\/wp-content\/uploads\/2023\/09\/Black_background-150x150.jpg\" \/>\n<meta name=\"twitter:card\" content=\"summary_large_image\" \/>\n<meta name=\"twitter:label1\" content=\"Arvioitu lukuaika\" \/>\n\t<meta name=\"twitter:data1\" content=\"2 minuuttia\" \/>\n<script type=\"application\/ld+json\" class=\"yoast-schema-graph\">{\"@context\":\"https:\\\/\\\/schema.org\",\"@graph\":[{\"@type\":\"WebPage\",\"@id\":\"https:\\\/\\\/www.bioetiikka.fi\\\/?page_id=1795\",\"url\":\"https:\\\/\\\/www.bioetiikka.fi\\\/?page_id=1795\",\"name\":\"Kuvapankki - Bioetiikan instituutti\",\"isPartOf\":{\"@id\":\"https:\\\/\\\/www.bioetiikka.fi\\\/#website\"},\"primaryImageOfPage\":{\"@id\":\"https:\\\/\\\/www.bioetiikka.fi\\\/?page_id=1795#primaryimage\"},\"image\":{\"@id\":\"https:\\\/\\\/www.bioetiikka.fi\\\/?page_id=1795#primaryimage\"},\"thumbnailUrl\":\"https:\\\/\\\/www.bioetiikka.fi\\\/wp-content\\\/uploads\\\/2023\\\/09\\\/Black_background-150x150.jpg\",\"datePublished\":\"2019-06-16T11:28:57+00:00\",\"dateModified\":\"2023-09-29T09:10:30+00:00\",\"breadcrumb\":{\"@id\":\"https:\\\/\\\/www.bioetiikka.fi\\\/?page_id=1795#breadcrumb\"},\"inLanguage\":\"fi\",\"potentialAction\":[{\"@type\":\"ReadAction\",\"target\":[\"https:\\\/\\\/www.bioetiikka.fi\\\/?page_id=1795\"]}]},{\"@type\":\"ImageObject\",\"inLanguage\":\"fi\",\"@id\":\"https:\\\/\\\/www.bioetiikka.fi\\\/?page_id=1795#primaryimage\",\"url\":\"https:\\\/\\\/www.bioetiikka.fi\\\/wp-content\\\/uploads\\\/2023\\\/09\\\/Black_background.jpg\",\"contentUrl\":\"https:\\\/\\\/www.bioetiikka.fi\\\/wp-content\\\/uploads\\\/2023\\\/09\\\/Black_background.jpg\",\"width\":963,\"height\":963},{\"@type\":\"BreadcrumbList\",\"@id\":\"https:\\\/\\\/www.bioetiikka.fi\\\/?page_id=1795#breadcrumb\",\"itemListElement\":[{\"@type\":\"ListItem\",\"position\":1,\"name\":\"Home\",\"item\":\"https:\\\/\\\/www.bioetiikka.fi\\\/\"},{\"@type\":\"ListItem\",\"position\":2,\"name\":\"Kuvapankki\"}]},{\"@type\":\"WebSite\",\"@id\":\"https:\\\/\\\/www.bioetiikka.fi\\\/#website\",\"url\":\"https:\\\/\\\/www.bioetiikka.fi\\\/\",\"name\":\"Bioetiikan instituutti\",\"description\":\"Edist&auml;mme bioetiikan tiedonalan tuntemusta ja k&auml;yt&auml;nn&ouml;n vaikutusta Suomessa\",\"potentialAction\":[{\"@type\":\"SearchAction\",\"target\":{\"@type\":\"EntryPoint\",\"urlTemplate\":\"https:\\\/\\\/www.bioetiikka.fi\\\/?s={search_term_string}\"},\"query-input\":{\"@type\":\"PropertyValueSpecification\",\"valueRequired\":true,\"valueName\":\"search_term_string\"}}],\"inLanguage\":\"fi\"}]}<\/script>\n<!-- \/ Yoast SEO plugin. -->","yoast_head_json":{"title":"Kuvapankki - Bioetiikan instituutti","robots":{"index":"index","follow":"follow","max-snippet":"max-snippet:-1","max-image-preview":"max-image-preview:large","max-video-preview":"max-video-preview:-1"},"canonical":"https:\/\/www.bioetiikka.fi\/?page_id=1795","og_locale":"fi_FI","og_type":"article","og_title":"Kuvapankki - Bioetiikan instituutti","og_description":"Kuvat vapaasti k\u00e4ytett\u00e4viss\u00e4 medialle, Wikipediaan ja muuhun vastaavaan k\u00e4ytt\u00f6\u00f6n. Klikkaa kuvia p\u00e4\u00e4st\u00e4ksesi isompiin versioihin. Images can be freely used in the media, Wikipedia and in other similar kind of use. Click images to enlarge them. P\u00e4ivitetty tunnuskuva, 29.9.2023. Toteutus \/ Execution by Viktoria Heikkil\u00e4 Heikki Sax\u00e9n, 28.1.2016. Kuvat Jonne Renvall \/ Tampereen yliopisto Images by &hellip; Jatka lukemista \"Kuvapankki\"","og_url":"https:\/\/www.bioetiikka.fi\/?page_id=1795","og_site_name":"Bioetiikan instituutti","article_modified_time":"2023-09-29T09:10:30+00:00","og_image":[{"url":"https:\/\/www.bioetiikka.fi\/wp-content\/uploads\/2023\/09\/Black_background-150x150.jpg","type":"","width":"","height":""}],"twitter_card":"summary_large_image","twitter_misc":{"Arvioitu lukuaika":"2 minuuttia"},"schema":{"@context":"https:\/\/schema.org","@graph":[{"@type":"WebPage","@id":"https:\/\/www.bioetiikka.fi\/?page_id=1795","url":"https:\/\/www.bioetiikka.fi\/?page_id=1795","name":"Kuvapankki - Bioetiikan instituutti","isPartOf":{"@id":"https:\/\/www.bioetiikka.fi\/#website"},"primaryImageOfPage":{"@id":"https:\/\/www.bioetiikka.fi\/?page_id=1795#primaryimage"},"image":{"@id":"https:\/\/www.bioetiikka.fi\/?page_id=1795#primaryimage"},"thumbnailUrl":"https:\/\/www.bioetiikka.fi\/wp-content\/uploads\/2023\/09\/Black_background-150x150.jpg","datePublished":"2019-06-16T11:28:57+00:00","dateModified":"2023-09-29T09:10:30+00:00","breadcrumb":{"@id":"https:\/\/www.bioetiikka.fi\/?page_id=1795#breadcrumb"},"inLanguage":"fi","potentialAction":[{"@type":"ReadAction","target":["https:\/\/www.bioetiikka.fi\/?page_id=1795"]}]},{"@type":"ImageObject","inLanguage":"fi","@id":"https:\/\/www.bioetiikka.fi\/?page_id=1795#primaryimage","url":"https:\/\/www.bioetiikka.fi\/wp-content\/uploads\/2023\/09\/Black_background.jpg","contentUrl":"https:\/\/www.bioetiikka.fi\/wp-content\/uploads\/2023\/09\/Black_background.jpg","width":963,"height":963},{"@type":"BreadcrumbList","@id":"https:\/\/www.bioetiikka.fi\/?page_id=1795#breadcrumb","itemListElement":[{"@type":"ListItem","position":1,"name":"Home","item":"https:\/\/www.bioetiikka.fi\/"},{"@type":"ListItem","position":2,"name":"Kuvapankki"}]},{"@type":"WebSite","@id":"https:\/\/www.bioetiikka.fi\/#website","url":"https:\/\/www.bioetiikka.fi\/","name":"Bioetiikan instituutti","description":"Edist&auml;mme bioetiikan tiedonalan tuntemusta ja k&auml;yt&auml;nn&ouml;n vaikutusta Suomessa","potentialAction":[{"@type":"SearchAction","target":{"@type":"EntryPoint","urlTemplate":"https:\/\/www.bioetiikka.fi\/?s={search_term_string}"},"query-input":{"@type":"PropertyValueSpecification","valueRequired":true,"valueName":"search_term_string"}}],"inLanguage":"fi"}]}},"uagb_featured_image_src":{"full":false,"thumbnail":false,"medium":false,"medium_large":false,"large":false,"1536x1536":false,"2048x2048":false,"twentyseventeen-featured-image":false,"twentyseventeen-thumbnail-avatar":false},"uagb_author_info":{"display_name":"Yll\u00e4pito","author_link":"https:\/\/www.bioetiikka.fi\/?author=1"},"uagb_comment_info":0,"uagb_excerpt":"Kuvat vapaasti k\u00e4ytett\u00e4viss\u00e4 medialle, Wikipediaan ja muuhun vastaavaan k\u00e4ytt\u00f6\u00f6n. Klikkaa kuvia p\u00e4\u00e4st\u00e4ksesi isompiin versioihin. Images can be freely used in the media, Wikipedia and in other similar kind of use. Click images to enlarge them. P\u00e4ivitetty tunnuskuva, 29.9.2023. Toteutus \/ Execution by Viktoria Heikkil\u00e4 Heikki Sax\u00e9n, 28.1.2016. Kuvat Jonne Renvall \/ Tampereen yliopisto Images by&hellip;","_links":{"self":[{"href":"https:\/\/www.bioetiikka.fi\/index.php?rest_route=\/wp\/v2\/pages\/1795","targetHints":{"allow":["GET"]}}],"collection":[{"href":"https:\/\/www.bioetiikka.fi\/index.php?rest_route=\/wp\/v2\/pages"}],"about":[{"href":"https:\/\/www.bioetiikka.fi\/index.php?rest_route=\/wp\/v2\/types\/page"}],"author":[{"embeddable":true,"href":"https:\/\/www.bioetiikka.fi\/index.php?rest_route=\/wp\/v2\/users\/1"}],"replies":[{"embeddable":true,"href":"https:\/\/www.bioetiikka.fi\/index.php?rest_route=%2Fwp%2Fv2%2Fcomments&post=1795"}],"version-history":[{"count":22,"href":"https:\/\/www.bioetiikka.fi\/index.php?rest_route=\/wp\/v2\/pages\/1795\/revisions"}],"predecessor-version":[{"id":2552,"href":"https:\/\/www.bioetiikka.fi\/index.php?rest_route=\/wp\/v2\/pages\/1795\/revisions\/2552"}],"wp:attachment":[{"href":"https:\/\/www.bioetiikka.fi\/index.php?rest_route=%2Fwp%2Fv2%2Fmedia&parent=1795"}],"curies":[{"name":"wp","href":"https:\/\/api.w.org\/{rel}","templated":true}]}}