{"id":70,"date":"2015-09-10T15:49:44","date_gmt":"2015-09-10T15:49:44","guid":{"rendered":"http:\/\/www.bioetiikka.fi\/?page_id=70"},"modified":"2022-07-04T14:46:49","modified_gmt":"2022-07-04T11:46:49","slug":"esittely","status":"publish","type":"page","link":"https:\/\/www.bioetiikka.fi\/?page_id=70","title":{"rendered":"Instituutin teht\u00e4v\u00e4"},"content":{"rendered":"<p><em>Bioetiikan instituutti perustettiin kes\u00e4ll\u00e4 2015 bioetiikkaan ja -oikeuteen vihkiytyneiden tutkijoiden toimesta.<\/em><\/p>\n<p><strong>Instituutin tavoitteena on kuroa Suomen v\u00e4limatkaa bioetiikan alalla naapurimaihin n\u00e4hden<\/strong><\/p>\n<p>Bioetiikan osaamisen sek\u00e4 tieteellisen ja yhteiskunnallisen merkityksen osalta ero Suomen naapurimaihin, kuten Ruotsiin, Norjaan ja Viroon, on kasvava. Esimerkiksi kustakin edell\u00e4 luetellusta maasta l\u00f6ytyv\u00e4t omat aktiiviset ja monialaiset bioetiikalle perustetut instituuttinsa, ja on my\u00f6s oletettavaa, ett\u00e4 jatkossa bioetiikka tulee vakiintumaan n\u00e4iss\u00e4 maissa yh\u00e4 keskeisemp\u00e4\u00e4n rooliin. T\u00e4t\u00e4 naapurimaiden esimerkki\u00e4 seuraten suomalaisen bioetiikan instituutin pyrkimus on edist\u00e4\u00e4 Suomessa alan kasvua sek\u00e4 sen tietopohjan ja sovellusten juurtumista my\u00f6s k\u00e4yt\u00e4nn\u00f6n el\u00e4m\u00e4\u00e4n.<\/p>\n<p>Juuri aktiiviset ja monialaiset bioetiikan instituutit ovat yleens\u00e4 toimineet \u2013 niin Yhdysvalloissa kuin muuallakin \u2013 alan vakiintumisen ja tiedon levi\u00e4misen t\u00e4rkein\u00e4 ensiaskeleina. Suomalaisen bioetiikan instituutin pyrkimys onkin olla edell\u00e4 kuvatussa hengess\u00e4 poliittisesti ja uskonnollisesti<strong> riippumaton<\/strong>, selv\u00e4sti <strong>aktiivinen<\/strong> ja <strong>monialainen<\/strong> bioetiikan kohtaamispaikka sek\u00e4 yhteiskunnallinen toimija seuraten Yhdysvaltojen ja monien EU-maiden, mukaan lukien Suomen naapurimaiden, esimerkki\u00e4. T\u00e4m\u00e4n tavoitteen saavuttaminen olisi oletettavasti monin tavoin hy\u00f6dyllist\u00e4 suomalaiselle yhteiskunnalle ja se my\u00f6s auttaisi kuromaan Suomen v\u00e4limatkaa bioetiikan tieteenalalla muihin l\u00e4nsimaihin n\u00e4hden.<\/p>\n<p>Kuten todettu, Suomessa bioetiikan tuntemus, koulutus ja sen k\u00e4yt\u00e4nn\u00f6n sovellutusten hy\u00f6dynt\u00e4minen on toistaiseksi ollut varsin niukkaa. Vaikka Suomessa harjoitetaan eri aloilla bioetiikan tutkimusta, eiv\u00e4t tutkijoiden v\u00e4linen kommunikaatio sek\u00e4 yhteisty\u00f6 ole viel\u00e4 l\u00f6yt\u00e4neet kest\u00e4v\u00e4\u00e4 ja neutraalia kanavaa, puhumattakaan vallitsevista kommunikaation katkoksista tutkijoiden ja k\u00e4yt\u00e4nn\u00f6n toimijoiden \u2013 kuten hoitajien, l\u00e4\u00e4k\u00e4rien ja juristien \u2013 sek\u00e4 potilaiden ja kansalaisten v\u00e4lill\u00e4.<\/p>\n<p>Ymm\u00e4rrett\u00e4v\u00e4sti vallitseva hajanaisuus, yhdistettyn\u00e4 niukkaan tutkimustilanteeseen, on monin tavoin haitallista bioeettisen tutkimuksen kehittymisen kannalta. Suomessa on esimerkiksi k\u00e4yt\u00e4nn\u00f6ss\u00e4 mahdotonta tehd\u00e4 tutkimusta toimien ensisijaisesti nimenomaan \u201dbioetiikan\u201d alalla; t\u00e4m\u00e4n sijaan bioeettinen tutkimus pit\u00e4\u00e4 aina asemoida muiden alojen piiriin, mik\u00e4 luonnollisesti asettaa bioetiikan haitallisesti jo l\u00e4ht\u00f6kohtaisesti tiedollisesti alisteiseen asemaan.<\/p>\n<p>My\u00f6sk\u00e4\u00e4n bioetiikan peruskoulutusta ei ole Suomessa viel\u00e4 miss\u00e4\u00e4n j\u00e4rjestetty juuri lainkaan, siin\u00e4 miss\u00e4 esimerkiksi Yhdysvalloissa alasta kiinnostuneille tarjotaan monin paikoin maisteriohjelmia ja muita koulutuskokonaisuuksia. Edell\u00e4 mainitut tekij\u00e4t ovat heijastuneet yh\u00e4 Suomen akateemiseen asemaan ulkomaihin n\u00e4hden \u2013 eroten esimerkiksi Ruotsista, Norjasta ja Virosta, suomalaiset bioetiikan tutkijat ovat viel\u00e4 varsin harvinainen n\u00e4ky bioetiikan tutkimusinstituutioissa ja konferensseissa maailmalla.<\/p>\n<p><strong>P\u00e4\u00e4m\u00e4\u00e4r\u00e4n\u00e4 alan tuntemuksen lis\u00e4\u00e4minen koko yhteiskunnan tasolla<\/strong><\/p>\n<p>Edell\u00e4 kuvatuista ongelmista huolimatta kuitenkin kenties viel\u00e4 valitettavampi seikka on bioetiikan alan ja teemojen heikko tuntemus Suomessa yliopistomaailman ulkopuolella. T\u00e4m\u00e4 on erityisen huolestuttavaa siksi, ett\u00e4 bioetiikan tiedonalalla kehitetyt k\u00e4yt\u00e4nn\u00f6lliset avaukset ja keinot kimuranttien l\u00e4\u00e4ke-, terveys-, ja biotieteellisten yhteiskunnallisten pohdintojen ja j\u00e4rjestelyjen saralla ovat monissa muissa maissa mahdollistaneet <strong>k\u00e4yt\u00e4nn\u00f6llisten ratkaisujen<\/strong> tarjoamisen arjen keskeisiin kipukysymyksiin.<\/p>\n<p>Suomalaisen bioetiikan instituutin tavoitteena on alan tutkijoiden voimin sek\u00e4 yhteisty\u00f6ss\u00e4 muiden relevanttien tahojen kanssa luoda <strong>kattavat ja poikkitieteelliset puitteet bioetiikan tieteenalan vakiintumiselle sek\u00e4 alaan liittyv\u00e4n tiedon ja tietoisuuden levi\u00e4miselle<\/strong> my\u00f6s Suomessa. T\u00e4ss\u00e4 ty\u00f6ss\u00e4 on tarkoitus vaalia selv\u00e4sti <strong>moni\u00e4\u00e4nisyytt\u00e4 ja -arvoisuutta<\/strong>; toisin sanoen instituutin on tarkoitus olla koko Suomen kattava, eri alat ja n\u00e4k\u00f6kulmat huomioiva yhteinen kohtaamispaikka, jonka ty\u00f6 ulottuu akateemisen maailman ohella keskeisesti <strong>my\u00f6s k\u00e4yt\u00e4nt\u00f6\u00f6n<\/strong>, kuten terveydenhuollon ja lains\u00e4\u00e4d\u00e4nn\u00f6n pariin, <strong>potilaita, tutkimushenkil\u00f6it\u00e4 ja kansalaisia unohtamatta<\/strong>.<\/p>\n<p>Instituutti on poliittisesti ja uskonnollisesti sitoutumaton ja muutenkin l\u00e4ht\u00f6kohtaisesti yhteiskunnallisesti neutraali toimija, mit\u00e4 my\u00f6s instituutin itsen\u00e4inen asema yleishy\u00f6dyllisen\u00e4 yhdistyksen\u00e4 havainnollistaa \u2013 toisin sanoen instituutin perustamisen p\u00e4\u00e4m\u00e4\u00e4r\u00e4n\u00e4 on yksinomaan vakiinnuttaa bioetiikan tieteenalaa Suomeen muiden maiden jalanj\u00e4ljiss\u00e4. Instituutti ei ole my\u00f6sk\u00e4\u00e4n osa yliopistoja vaan toimii pikemmin l\u00e4heisess\u00e4 yhteisty\u00f6ss\u00e4 eri yliopistojen kanssa. Lis\u00e4ksi on syyt\u00e4 korostaa, ett\u00e4 instituutin tarkoitus ei ole korvata Suomessa mink\u00e4\u00e4n jo olemassa olevan toimijan ty\u00f6t\u00e4 tai merkityst\u00e4, vaan pikemmin <strong>rikastaa moni\u00e4\u00e4nist\u00e4 keskustelua ja vuorovaikutusta, tehden yhteisty\u00f6t\u00e4 Suomessa jo olemassa olevien rakenteiden puitteissa<\/strong>.<\/p>\n<p>Samalla instituutin keskeinen tavoite on syvent\u00e4\u00e4 Suomen kansainv\u00e4list\u00e4 yhteisty\u00f6t\u00e4 bioetiikan saralla, erityisesti luoden verkostoja Suomen l\u00e4heisiin naapurimaihin sek\u00e4 tehden yhteisty\u00f6t\u00e4 bioetiikan k\u00e4rkimaan Yhdysvaltojen eri tahojen kanssa. Instituutin henkil\u00f6kunta onkin jo l\u00e4heisesti verkostoitunut erityisesti Harvardin yliopiston Center for Bioethics -keskuksen sek\u00e4 Hastings Center -tutkimusinstituutin suuntiin.<\/p>\n<p>Koemme, ett\u00e4 <strong>muiden maiden jalanj\u00e4ljiss\u00e4 my\u00f6s Suomessa on selv\u00e4 tarve ja aika tuoda vahvasti demokraattinen, eettinen ja moraalinen \u00e4\u00e4ni selvemmin kuuluviin l\u00e4\u00e4ke-, terveys- ja biotieteist\u00e4 k\u00e4yt\u00e4v\u00e4ss\u00e4 keskustelussa ja p\u00e4\u00e4t\u00f6ksenteossa.<\/strong><\/p>\n<p><em>Tekij\u00f6ist\u00e4mme voit lukea lis\u00e4\u00e4 <a href=\"https:\/\/www.bioetiikka.fi\/?page_id=82\">t\u00e4\u00e4lt\u00e4<\/a>.<\/em><\/p>\n","protected":false},"excerpt":{"rendered":"<p>Bioetiikan instituutti perustettiin kes\u00e4ll\u00e4 2015 bioetiikkaan ja -oikeuteen vihkiytyneiden tutkijoiden toimesta. Instituutin tavoitteena on kuroa Suomen v\u00e4limatkaa bioetiikan alalla naapurimaihin n\u00e4hden Bioetiikan osaamisen sek\u00e4 tieteellisen ja yhteiskunnallisen merkityksen osalta ero Suomen naapurimaihin, kuten Ruotsiin, Norjaan ja Viroon, on kasvava. Esimerkiksi kustakin edell\u00e4 luetellusta maasta l\u00f6ytyv\u00e4t omat aktiiviset ja monialaiset bioetiikalle perustetut instituuttinsa, ja on my\u00f6s &hellip; <\/p>\n<p class=\"link-more\"><a href=\"https:\/\/www.bioetiikka.fi\/?page_id=70\" class=\"more-link\">Jatka lukemista<span class=\"screen-reader-text\"> &#8221;Instituutin teht\u00e4v\u00e4&#8221;<\/span><\/a><\/p>\n","protected":false},"author":1,"featured_media":0,"parent":0,"menu_order":2,"comment_status":"closed","ping_status":"closed","template":"","meta":{"_uag_custom_page_level_css":"","footnotes":""},"class_list":["post-70","page","type-page","status-publish","hentry"],"yoast_head":"<!-- This site is optimized with the Yoast SEO plugin v27.5 - https:\/\/yoast.com\/product\/yoast-seo-wordpress\/ -->\n<title>Instituutin teht\u00e4v\u00e4 - Bioetiikan instituutti<\/title>\n<meta name=\"robots\" content=\"index, follow, max-snippet:-1, max-image-preview:large, max-video-preview:-1\" \/>\n<link rel=\"canonical\" href=\"https:\/\/www.bioetiikka.fi\/?page_id=70\" \/>\n<meta property=\"og:locale\" content=\"fi_FI\" \/>\n<meta property=\"og:type\" content=\"article\" \/>\n<meta property=\"og:title\" content=\"Instituutin teht\u00e4v\u00e4 - Bioetiikan instituutti\" \/>\n<meta property=\"og:description\" content=\"Bioetiikan instituutti perustettiin kes\u00e4ll\u00e4 2015 bioetiikkaan ja -oikeuteen vihkiytyneiden tutkijoiden toimesta. Instituutin tavoitteena on kuroa Suomen v\u00e4limatkaa bioetiikan alalla naapurimaihin n\u00e4hden Bioetiikan osaamisen sek\u00e4 tieteellisen ja yhteiskunnallisen merkityksen osalta ero Suomen naapurimaihin, kuten Ruotsiin, Norjaan ja Viroon, on kasvava. Esimerkiksi kustakin edell\u00e4 luetellusta maasta l\u00f6ytyv\u00e4t omat aktiiviset ja monialaiset bioetiikalle perustetut instituuttinsa, ja on my\u00f6s &hellip; Jatka lukemista &quot;Instituutin teht\u00e4v\u00e4&quot;\" \/>\n<meta property=\"og:url\" content=\"https:\/\/www.bioetiikka.fi\/?page_id=70\" \/>\n<meta property=\"og:site_name\" content=\"Bioetiikan instituutti\" \/>\n<meta property=\"article:modified_time\" content=\"2022-07-04T11:46:49+00:00\" \/>\n<meta name=\"twitter:card\" content=\"summary_large_image\" \/>\n<meta name=\"twitter:label1\" content=\"Arvioitu lukuaika\" \/>\n\t<meta name=\"twitter:data1\" content=\"4 minuuttia\" \/>\n<script type=\"application\/ld+json\" class=\"yoast-schema-graph\">{\"@context\":\"https:\\\/\\\/schema.org\",\"@graph\":[{\"@type\":\"WebPage\",\"@id\":\"https:\\\/\\\/www.bioetiikka.fi\\\/?page_id=70\",\"url\":\"https:\\\/\\\/www.bioetiikka.fi\\\/?page_id=70\",\"name\":\"Instituutin teht\u00e4v\u00e4 - Bioetiikan instituutti\",\"isPartOf\":{\"@id\":\"https:\\\/\\\/www.bioetiikka.fi\\\/#website\"},\"datePublished\":\"2015-09-10T15:49:44+00:00\",\"dateModified\":\"2022-07-04T11:46:49+00:00\",\"breadcrumb\":{\"@id\":\"https:\\\/\\\/www.bioetiikka.fi\\\/?page_id=70#breadcrumb\"},\"inLanguage\":\"fi\",\"potentialAction\":[{\"@type\":\"ReadAction\",\"target\":[\"https:\\\/\\\/www.bioetiikka.fi\\\/?page_id=70\"]}]},{\"@type\":\"BreadcrumbList\",\"@id\":\"https:\\\/\\\/www.bioetiikka.fi\\\/?page_id=70#breadcrumb\",\"itemListElement\":[{\"@type\":\"ListItem\",\"position\":1,\"name\":\"Home\",\"item\":\"https:\\\/\\\/www.bioetiikka.fi\\\/\"},{\"@type\":\"ListItem\",\"position\":2,\"name\":\"Instituutin teht\u00e4v\u00e4\"}]},{\"@type\":\"WebSite\",\"@id\":\"https:\\\/\\\/www.bioetiikka.fi\\\/#website\",\"url\":\"https:\\\/\\\/www.bioetiikka.fi\\\/\",\"name\":\"Bioetiikan instituutti\",\"description\":\"Edist&auml;mme bioetiikan tiedonalan tuntemusta ja k&auml;yt&auml;nn&ouml;n vaikutusta Suomessa\",\"potentialAction\":[{\"@type\":\"SearchAction\",\"target\":{\"@type\":\"EntryPoint\",\"urlTemplate\":\"https:\\\/\\\/www.bioetiikka.fi\\\/?s={search_term_string}\"},\"query-input\":{\"@type\":\"PropertyValueSpecification\",\"valueRequired\":true,\"valueName\":\"search_term_string\"}}],\"inLanguage\":\"fi\"}]}<\/script>\n<!-- \/ Yoast SEO plugin. -->","yoast_head_json":{"title":"Instituutin teht\u00e4v\u00e4 - Bioetiikan instituutti","robots":{"index":"index","follow":"follow","max-snippet":"max-snippet:-1","max-image-preview":"max-image-preview:large","max-video-preview":"max-video-preview:-1"},"canonical":"https:\/\/www.bioetiikka.fi\/?page_id=70","og_locale":"fi_FI","og_type":"article","og_title":"Instituutin teht\u00e4v\u00e4 - Bioetiikan instituutti","og_description":"Bioetiikan instituutti perustettiin kes\u00e4ll\u00e4 2015 bioetiikkaan ja -oikeuteen vihkiytyneiden tutkijoiden toimesta. Instituutin tavoitteena on kuroa Suomen v\u00e4limatkaa bioetiikan alalla naapurimaihin n\u00e4hden Bioetiikan osaamisen sek\u00e4 tieteellisen ja yhteiskunnallisen merkityksen osalta ero Suomen naapurimaihin, kuten Ruotsiin, Norjaan ja Viroon, on kasvava. Esimerkiksi kustakin edell\u00e4 luetellusta maasta l\u00f6ytyv\u00e4t omat aktiiviset ja monialaiset bioetiikalle perustetut instituuttinsa, ja on my\u00f6s &hellip; Jatka lukemista \"Instituutin teht\u00e4v\u00e4\"","og_url":"https:\/\/www.bioetiikka.fi\/?page_id=70","og_site_name":"Bioetiikan instituutti","article_modified_time":"2022-07-04T11:46:49+00:00","twitter_card":"summary_large_image","twitter_misc":{"Arvioitu lukuaika":"4 minuuttia"},"schema":{"@context":"https:\/\/schema.org","@graph":[{"@type":"WebPage","@id":"https:\/\/www.bioetiikka.fi\/?page_id=70","url":"https:\/\/www.bioetiikka.fi\/?page_id=70","name":"Instituutin teht\u00e4v\u00e4 - Bioetiikan instituutti","isPartOf":{"@id":"https:\/\/www.bioetiikka.fi\/#website"},"datePublished":"2015-09-10T15:49:44+00:00","dateModified":"2022-07-04T11:46:49+00:00","breadcrumb":{"@id":"https:\/\/www.bioetiikka.fi\/?page_id=70#breadcrumb"},"inLanguage":"fi","potentialAction":[{"@type":"ReadAction","target":["https:\/\/www.bioetiikka.fi\/?page_id=70"]}]},{"@type":"BreadcrumbList","@id":"https:\/\/www.bioetiikka.fi\/?page_id=70#breadcrumb","itemListElement":[{"@type":"ListItem","position":1,"name":"Home","item":"https:\/\/www.bioetiikka.fi\/"},{"@type":"ListItem","position":2,"name":"Instituutin teht\u00e4v\u00e4"}]},{"@type":"WebSite","@id":"https:\/\/www.bioetiikka.fi\/#website","url":"https:\/\/www.bioetiikka.fi\/","name":"Bioetiikan instituutti","description":"Edist&auml;mme bioetiikan tiedonalan tuntemusta ja k&auml;yt&auml;nn&ouml;n vaikutusta Suomessa","potentialAction":[{"@type":"SearchAction","target":{"@type":"EntryPoint","urlTemplate":"https:\/\/www.bioetiikka.fi\/?s={search_term_string}"},"query-input":{"@type":"PropertyValueSpecification","valueRequired":true,"valueName":"search_term_string"}}],"inLanguage":"fi"}]}},"uagb_featured_image_src":{"full":false,"thumbnail":false,"medium":false,"medium_large":false,"large":false,"1536x1536":false,"2048x2048":false,"twentyseventeen-featured-image":false,"twentyseventeen-thumbnail-avatar":false},"uagb_author_info":{"display_name":"Yll\u00e4pito","author_link":"https:\/\/www.bioetiikka.fi\/?author=1"},"uagb_comment_info":0,"uagb_excerpt":"Bioetiikan instituutti perustettiin kes\u00e4ll\u00e4 2015 bioetiikkaan ja -oikeuteen vihkiytyneiden tutkijoiden toimesta. Instituutin tavoitteena on kuroa Suomen v\u00e4limatkaa bioetiikan alalla naapurimaihin n\u00e4hden Bioetiikan osaamisen sek\u00e4 tieteellisen ja yhteiskunnallisen merkityksen osalta ero Suomen naapurimaihin, kuten Ruotsiin, Norjaan ja Viroon, on kasvava. Esimerkiksi kustakin edell\u00e4 luetellusta maasta l\u00f6ytyv\u00e4t omat aktiiviset ja monialaiset bioetiikalle perustetut instituuttinsa, ja on my\u00f6s&hellip;","_links":{"self":[{"href":"https:\/\/www.bioetiikka.fi\/index.php?rest_route=\/wp\/v2\/pages\/70","targetHints":{"allow":["GET"]}}],"collection":[{"href":"https:\/\/www.bioetiikka.fi\/index.php?rest_route=\/wp\/v2\/pages"}],"about":[{"href":"https:\/\/www.bioetiikka.fi\/index.php?rest_route=\/wp\/v2\/types\/page"}],"author":[{"embeddable":true,"href":"https:\/\/www.bioetiikka.fi\/index.php?rest_route=\/wp\/v2\/users\/1"}],"replies":[{"embeddable":true,"href":"https:\/\/www.bioetiikka.fi\/index.php?rest_route=%2Fwp%2Fv2%2Fcomments&post=70"}],"version-history":[{"count":33,"href":"https:\/\/www.bioetiikka.fi\/index.php?rest_route=\/wp\/v2\/pages\/70\/revisions"}],"predecessor-version":[{"id":2713,"href":"https:\/\/www.bioetiikka.fi\/index.php?rest_route=\/wp\/v2\/pages\/70\/revisions\/2713"}],"wp:attachment":[{"href":"https:\/\/www.bioetiikka.fi\/index.php?rest_route=%2Fwp%2Fv2%2Fmedia&parent=70"}],"curies":[{"name":"wp","href":"https:\/\/api.w.org\/{rel}","templated":true}]}}