{"id":78,"date":"2015-09-11T12:56:49","date_gmt":"2015-09-11T12:56:49","guid":{"rendered":"http:\/\/www.bioetiikka.fi\/?page_id=78"},"modified":"2022-08-03T14:12:12","modified_gmt":"2022-08-03T11:12:12","slug":"mita-on-bioetiikka","status":"publish","type":"page","link":"https:\/\/www.bioetiikka.fi\/?page_id=78","title":{"rendered":"Mit\u00e4 on bioetiikka?"},"content":{"rendered":"<p><em>Bioetiikka on Sinun \u00e4\u00e4nesi. Bioetiikka tuo t\u00e4rke\u00e4t kysymykset kaikkien ulottuville.<\/em><\/p>\n<p><strong>Tiedonalan juuret Yhdysvalloissa<\/strong><\/p>\n<p>Bioetiikka on Yhdysvalloissa 1960- ja 1970-luvuilla muodostunut tieteenala, jonka tutkimuskohteina ovat l\u00e4\u00e4ke-, terveys- ja biotieteiden parista nousevat eettiset, moraaliset ja yhteiskunnalliset kysymykset. My\u00f6s lukuisat l\u00e4\u00e4kint\u00e4- ja bio-oikeudelliset kysymykset sivuavat eritt\u00e4in l\u00e4heisesti bioetiikan tutkimusalaa. Nykyisin bioetiikan tieteenala on vakiintunut synnyinmaassaan Yhdysvalloissa keskeiseen ja tunnustettuun asemaan, mit\u00e4 heijastavat alan lukuisat akateemiset instituutiot, koulutusohjelmat ja julkaisut.<\/p>\n<p>Toisaalta bioetiikan alalla kehitetty tieto ja sovellutukset ovat vakiintuneet Yhdysvalloissa my\u00f6s keskeisiin rooleihin arjen yhteiskuntarakenteessa, esimerkiksi lukuisten erilaisten bioeettisten toimikuntien muodossa. Kuvaavasti on muodostunut tavaksi, ett\u00e4 kukin Yhdysvaltojen presidentti nimitt\u00e4\u00e4 oman vaikutusvaltaisen bioeettisen toimikuntansa<a href=\"#_ftn1\" name=\"_ftnref1\"><\/a>, joka linjaa t\u00e4rkeit\u00e4 yhteiskunnallisia kysymyksi\u00e4 l\u00e4\u00e4ke-, terveys-, ja biotieteiden saralla. Samanlaisia toimikuntia on maassa l\u00e4pi yhteiskunnan aina arjen sairaala- ja tutkimuslaboratoriotasolle saakka.<\/p>\n<p>Viime vuosikymmenien varrella bioetiikan tuntemus ja sen pohjalta syntyneet k\u00e4yt\u00e4nn\u00f6n sovellutukset ovat levinneet laajalti my\u00f6s Yhdysvaltojen ulkopuolelle, mink\u00e4 my\u00f6t\u00e4 bioetiikka on muodostunut l\u00e4hes kaikissa l\u00e4nsimaissa sek\u00e4 EU-tasolla laajalti tunnetuksi ja arvostetuksi tieteenalaksi. Kuitenkin Suomessa bioetiikka on yh\u00e4 varsin heikosti tunnettu ala, mit\u00e4 heijastaa my\u00f6s suomalaisen bioeettisen tutkimuksen, koulutuksen ja yhteiskunnallisen keskustelun suhteellinen niukkuus. Jotta Suomi pysyisi mukana alan globaalissa kehityksess\u00e4 ja ettei ero naapurimaihin, kuten Ruotsiin, Norjaan ja Viroon, kasvaisi tulevaisuudessa entisest\u00e4\u00e4n, tarvitaan Suomessa bioetiikan tiedonalan ja sen k\u00e4yt\u00e4nt\u00f6jen aktiivista soveltamista ja kehitt\u00e4mist\u00e4.<\/p>\n<p><strong>P\u00e4\u00e4m\u00e4\u00e4r\u00e4n\u00e4 moni\u00e4\u00e4nisyys ja demokraattisuus<\/strong><\/p>\n<p>Bioetiikan keskeinen pyrkimys on alusta alkaen kulminoitunut erityisesti kahteen seikkaan: alan aitoon poikkitieteelliseen, moni\u00e4\u00e4niseen tutkimusotteeseen sek\u00e4 alan tavoitteeseen demokratisoida l\u00e4\u00e4ke- terveys- ja biotieteiden etiikkaa siten, ett\u00e4 n\u00e4it\u00e4 teemoja koskeva julkinen keskustelu olisi asiantuntijavallan sijaan luonteeltaan kansalaisille avointa, l\u00e4pin\u00e4kyv\u00e4\u00e4, moniarvoista ja helposti saatavilla olevaa. J\u00e4lkimm\u00e4ist\u00e4 tavoitetta havainnollistaa bioetiikan l\u00e4heinen suhde <a href=\"http:\/\/www.deliberaatio.org\/~delibero\/wordpress\/?page_id=145\" target=\"_blank\" rel=\"noopener\">deliberatiivisen demokratian<\/a>, eli avointa demokraattista keskustelua ja p\u00e4\u00e4t\u00f6ksentekoa tutkivan ja edist\u00e4v\u00e4n tiedonalan, menetelmien kanssa.<\/p>\n<p>Alan moni\u00e4\u00e4nisyytt\u00e4 puolestaan havainnollistaa se, kuinka bioetiikan piiriin lukeutuvat sek\u00e4 monilta eri tieteenaloilta ett\u00e4 my\u00f6s k\u00e4yt\u00e4nn\u00f6n el\u00e4m\u00e4n saroilta kumpuavat eettiset kipukysymykset. Esimerkkein\u00e4 t\u00e4st\u00e4 moniulotteisuudesta mainittakoon bioetiikan kysymysten laaja piiri, joka ulottuu geeniteknologian kehitykseen liittyvist\u00e4 eettisist\u00e4 pohdinnoista terveydenhuollon priorisointikysymyksiin tai vaikkapa l\u00e4\u00e4k\u00e4ri-potilassuhteeseen kietoutuviin monimutkaisiin sosiaalisiin ja moraalisin ulottuvuuksiin.<\/p>\n<p>Tieteenalojen sek\u00e4 erilaisten yhteiskunnallisten ja poliittisten ryhmittymien v\u00e4lisi\u00e4 raja-aitoja ylitt\u00e4m\u00e4\u00e4n pyrkinyt bioetiikka onkin alalla kehitettyjen k\u00e4yt\u00e4nn\u00f6n sovellutusten keinoin pyrkinyt tarjoamaan demokraattisen, oikeutetun ja voimaannuttavan kanavan kaikille eri tahoille \u2013 yht\u00e4 lailla eri ammattikuntien ja tieteenalojen edustajille kuin my\u00f6s potilaille, tutkimushenkil\u00f6ille ja bioeettisist\u00e4 teemoista muuten kiinnostuneille kansalaisille \u2013 osallistua l\u00e4\u00e4ke-, terveys- ja biotieteiden eettiseen, moraaliseen ja yhteiskunnalliseen pohdintaan.<\/p>\n<p>T\u00e4ss\u00e4 tavoitteessa bioetiikka on onnistunut varsin hyvin, mit\u00e4 heijastaa esimerkiksi maailmanlaajuinen moni\u00e4\u00e4nisten ja -arvoisten tutkimus- ja hoitoeettisten toimikuntien perustaminen ja vakiintuminen l\u00e4pi terveydenhuollon sek\u00e4 l\u00e4\u00e4ke-, terveys- ja biotieteellisen tutkimuskent\u00e4n \u2013 tavoite, jota bioetiikka on ollut keskeisesti edist\u00e4m\u00e4ss\u00e4.<\/p>\n<p>Toisaalta on kuitenkin todettava, ett\u00e4 bioetiikka edustaa paljon muutakin kuin ainoastaan eettisi\u00e4 toimikuntia: kyse on lopulta kokonaisvaltaisesti tiedonalasta, jolla harjoitetaan tutkimusta sek\u00e4 k\u00e4yd\u00e4\u00e4n keskustelua ajankohtaisista yhteiskunnallisista kysymyksist\u00e4, pyrkien samalla aktiiviseen vuorovaikutukseen ymp\u00e4r\u00f6iv\u00e4n yhteiskunnan kanssa. Bioetiikan k\u00e4yt\u00e4nn\u00f6n yhteiskunnallista merkityst\u00e4 ilment\u00e4\u00e4 hyvin my\u00f6s esimerkiksi alan l\u00e4heinen kytk\u00f6s l\u00e4\u00e4kint\u00e4- ja bio-oikeuden alaan; kuvaavasti usein l\u00e4\u00e4kint\u00e4- ja bio-oikeuden ala jopa luetaan osaksi bioetiikan laajaa tieteenalaa.<\/p>\n<p><em>Lue lis\u00e4\u00e4 bioetiikasta pamfletista &#8221;Miten bioetiikka voi muuttaa suomalaista terveydenhuoltoa?&#8221; Kunnallisalan kehitt\u00e4miss\u00e4\u00e4ti\u00f6n <a href=\"http:\/\/kaks.fi\/julkaisut\/bioetiikka-muuttaa-suomalaista-terveydenhuoltoa\/\" target=\"_blank\" rel=\"noopener\">sivuilla<\/a>.<\/em><\/p>\n<p><em>Bioetiikan olemuksesta syvemmin kiinnostuneiden kannattaa tutustua my\u00f6s Heikki Sax\u00e9nin v\u00e4it\u00f6skirjaan <a href=\"https:\/\/trepo.tuni.fi\/handle\/10024\/101926\" target=\"_blank\" rel=\"noopener\">A Cultural Giant: An interpretation of bioethics in light of its intellectual and cultural history<\/a> (Tampere University Press, 2017).<\/em><\/p>\n","protected":false},"excerpt":{"rendered":"<p>Bioetiikka on Sinun \u00e4\u00e4nesi. Bioetiikka tuo t\u00e4rke\u00e4t kysymykset kaikkien ulottuville. Tiedonalan juuret Yhdysvalloissa Bioetiikka on Yhdysvalloissa 1960- ja 1970-luvuilla muodostunut tieteenala, jonka tutkimuskohteina ovat l\u00e4\u00e4ke-, terveys- ja biotieteiden parista nousevat eettiset, moraaliset ja yhteiskunnalliset kysymykset. My\u00f6s lukuisat l\u00e4\u00e4kint\u00e4- ja bio-oikeudelliset kysymykset sivuavat eritt\u00e4in l\u00e4heisesti bioetiikan tutkimusalaa. Nykyisin bioetiikan tieteenala on vakiintunut synnyinmaassaan Yhdysvalloissa keskeiseen ja &hellip; <\/p>\n<p class=\"link-more\"><a href=\"https:\/\/www.bioetiikka.fi\/?page_id=78\" class=\"more-link\">Jatka lukemista<span class=\"screen-reader-text\"> &#8221;Mit\u00e4 on bioetiikka?&#8221;<\/span><\/a><\/p>\n","protected":false},"author":1,"featured_media":0,"parent":0,"menu_order":1,"comment_status":"closed","ping_status":"closed","template":"","meta":{"_uag_custom_page_level_css":"","footnotes":""},"class_list":["post-78","page","type-page","status-publish","hentry"],"yoast_head":"<!-- This site is optimized with the Yoast SEO plugin v27.5 - https:\/\/yoast.com\/product\/yoast-seo-wordpress\/ -->\n<title>Mit\u00e4 on bioetiikka? - Bioetiikan instituutti<\/title>\n<meta name=\"robots\" content=\"index, follow, max-snippet:-1, max-image-preview:large, max-video-preview:-1\" \/>\n<link rel=\"canonical\" href=\"https:\/\/www.bioetiikka.fi\/?page_id=78\" \/>\n<meta property=\"og:locale\" content=\"fi_FI\" \/>\n<meta property=\"og:type\" content=\"article\" \/>\n<meta property=\"og:title\" content=\"Mit\u00e4 on bioetiikka? - Bioetiikan instituutti\" \/>\n<meta property=\"og:description\" content=\"Bioetiikka on Sinun \u00e4\u00e4nesi. Bioetiikka tuo t\u00e4rke\u00e4t kysymykset kaikkien ulottuville. Tiedonalan juuret Yhdysvalloissa Bioetiikka on Yhdysvalloissa 1960- ja 1970-luvuilla muodostunut tieteenala, jonka tutkimuskohteina ovat l\u00e4\u00e4ke-, terveys- ja biotieteiden parista nousevat eettiset, moraaliset ja yhteiskunnalliset kysymykset. My\u00f6s lukuisat l\u00e4\u00e4kint\u00e4- ja bio-oikeudelliset kysymykset sivuavat eritt\u00e4in l\u00e4heisesti bioetiikan tutkimusalaa. Nykyisin bioetiikan tieteenala on vakiintunut synnyinmaassaan Yhdysvalloissa keskeiseen ja &hellip; Jatka lukemista &quot;Mit\u00e4 on bioetiikka?&quot;\" \/>\n<meta property=\"og:url\" content=\"https:\/\/www.bioetiikka.fi\/?page_id=78\" \/>\n<meta property=\"og:site_name\" content=\"Bioetiikan instituutti\" \/>\n<meta property=\"article:modified_time\" content=\"2022-08-03T11:12:12+00:00\" \/>\n<meta name=\"twitter:card\" content=\"summary_large_image\" \/>\n<meta name=\"twitter:label1\" content=\"Arvioitu lukuaika\" \/>\n\t<meta name=\"twitter:data1\" content=\"4 minuuttia\" \/>\n<script type=\"application\/ld+json\" class=\"yoast-schema-graph\">{\"@context\":\"https:\\\/\\\/schema.org\",\"@graph\":[{\"@type\":\"WebPage\",\"@id\":\"https:\\\/\\\/www.bioetiikka.fi\\\/?page_id=78\",\"url\":\"https:\\\/\\\/www.bioetiikka.fi\\\/?page_id=78\",\"name\":\"Mit\u00e4 on bioetiikka? - Bioetiikan instituutti\",\"isPartOf\":{\"@id\":\"https:\\\/\\\/www.bioetiikka.fi\\\/#website\"},\"datePublished\":\"2015-09-11T12:56:49+00:00\",\"dateModified\":\"2022-08-03T11:12:12+00:00\",\"breadcrumb\":{\"@id\":\"https:\\\/\\\/www.bioetiikka.fi\\\/?page_id=78#breadcrumb\"},\"inLanguage\":\"fi\",\"potentialAction\":[{\"@type\":\"ReadAction\",\"target\":[\"https:\\\/\\\/www.bioetiikka.fi\\\/?page_id=78\"]}]},{\"@type\":\"BreadcrumbList\",\"@id\":\"https:\\\/\\\/www.bioetiikka.fi\\\/?page_id=78#breadcrumb\",\"itemListElement\":[{\"@type\":\"ListItem\",\"position\":1,\"name\":\"Home\",\"item\":\"https:\\\/\\\/www.bioetiikka.fi\\\/\"},{\"@type\":\"ListItem\",\"position\":2,\"name\":\"Mit\u00e4 on bioetiikka?\"}]},{\"@type\":\"WebSite\",\"@id\":\"https:\\\/\\\/www.bioetiikka.fi\\\/#website\",\"url\":\"https:\\\/\\\/www.bioetiikka.fi\\\/\",\"name\":\"Bioetiikan instituutti\",\"description\":\"Edist&auml;mme bioetiikan tiedonalan tuntemusta ja k&auml;yt&auml;nn&ouml;n vaikutusta Suomessa\",\"potentialAction\":[{\"@type\":\"SearchAction\",\"target\":{\"@type\":\"EntryPoint\",\"urlTemplate\":\"https:\\\/\\\/www.bioetiikka.fi\\\/?s={search_term_string}\"},\"query-input\":{\"@type\":\"PropertyValueSpecification\",\"valueRequired\":true,\"valueName\":\"search_term_string\"}}],\"inLanguage\":\"fi\"}]}<\/script>\n<!-- \/ Yoast SEO plugin. -->","yoast_head_json":{"title":"Mit\u00e4 on bioetiikka? - Bioetiikan instituutti","robots":{"index":"index","follow":"follow","max-snippet":"max-snippet:-1","max-image-preview":"max-image-preview:large","max-video-preview":"max-video-preview:-1"},"canonical":"https:\/\/www.bioetiikka.fi\/?page_id=78","og_locale":"fi_FI","og_type":"article","og_title":"Mit\u00e4 on bioetiikka? - Bioetiikan instituutti","og_description":"Bioetiikka on Sinun \u00e4\u00e4nesi. Bioetiikka tuo t\u00e4rke\u00e4t kysymykset kaikkien ulottuville. Tiedonalan juuret Yhdysvalloissa Bioetiikka on Yhdysvalloissa 1960- ja 1970-luvuilla muodostunut tieteenala, jonka tutkimuskohteina ovat l\u00e4\u00e4ke-, terveys- ja biotieteiden parista nousevat eettiset, moraaliset ja yhteiskunnalliset kysymykset. My\u00f6s lukuisat l\u00e4\u00e4kint\u00e4- ja bio-oikeudelliset kysymykset sivuavat eritt\u00e4in l\u00e4heisesti bioetiikan tutkimusalaa. Nykyisin bioetiikan tieteenala on vakiintunut synnyinmaassaan Yhdysvalloissa keskeiseen ja &hellip; Jatka lukemista \"Mit\u00e4 on bioetiikka?\"","og_url":"https:\/\/www.bioetiikka.fi\/?page_id=78","og_site_name":"Bioetiikan instituutti","article_modified_time":"2022-08-03T11:12:12+00:00","twitter_card":"summary_large_image","twitter_misc":{"Arvioitu lukuaika":"4 minuuttia"},"schema":{"@context":"https:\/\/schema.org","@graph":[{"@type":"WebPage","@id":"https:\/\/www.bioetiikka.fi\/?page_id=78","url":"https:\/\/www.bioetiikka.fi\/?page_id=78","name":"Mit\u00e4 on bioetiikka? - Bioetiikan instituutti","isPartOf":{"@id":"https:\/\/www.bioetiikka.fi\/#website"},"datePublished":"2015-09-11T12:56:49+00:00","dateModified":"2022-08-03T11:12:12+00:00","breadcrumb":{"@id":"https:\/\/www.bioetiikka.fi\/?page_id=78#breadcrumb"},"inLanguage":"fi","potentialAction":[{"@type":"ReadAction","target":["https:\/\/www.bioetiikka.fi\/?page_id=78"]}]},{"@type":"BreadcrumbList","@id":"https:\/\/www.bioetiikka.fi\/?page_id=78#breadcrumb","itemListElement":[{"@type":"ListItem","position":1,"name":"Home","item":"https:\/\/www.bioetiikka.fi\/"},{"@type":"ListItem","position":2,"name":"Mit\u00e4 on bioetiikka?"}]},{"@type":"WebSite","@id":"https:\/\/www.bioetiikka.fi\/#website","url":"https:\/\/www.bioetiikka.fi\/","name":"Bioetiikan instituutti","description":"Edist&auml;mme bioetiikan tiedonalan tuntemusta ja k&auml;yt&auml;nn&ouml;n vaikutusta Suomessa","potentialAction":[{"@type":"SearchAction","target":{"@type":"EntryPoint","urlTemplate":"https:\/\/www.bioetiikka.fi\/?s={search_term_string}"},"query-input":{"@type":"PropertyValueSpecification","valueRequired":true,"valueName":"search_term_string"}}],"inLanguage":"fi"}]}},"uagb_featured_image_src":{"full":false,"thumbnail":false,"medium":false,"medium_large":false,"large":false,"1536x1536":false,"2048x2048":false,"twentyseventeen-featured-image":false,"twentyseventeen-thumbnail-avatar":false},"uagb_author_info":{"display_name":"Yll\u00e4pito","author_link":"https:\/\/www.bioetiikka.fi\/?author=1"},"uagb_comment_info":0,"uagb_excerpt":"Bioetiikka on Sinun \u00e4\u00e4nesi. Bioetiikka tuo t\u00e4rke\u00e4t kysymykset kaikkien ulottuville. Tiedonalan juuret Yhdysvalloissa Bioetiikka on Yhdysvalloissa 1960- ja 1970-luvuilla muodostunut tieteenala, jonka tutkimuskohteina ovat l\u00e4\u00e4ke-, terveys- ja biotieteiden parista nousevat eettiset, moraaliset ja yhteiskunnalliset kysymykset. My\u00f6s lukuisat l\u00e4\u00e4kint\u00e4- ja bio-oikeudelliset kysymykset sivuavat eritt\u00e4in l\u00e4heisesti bioetiikan tutkimusalaa. Nykyisin bioetiikan tieteenala on vakiintunut synnyinmaassaan Yhdysvalloissa keskeiseen ja&hellip;","_links":{"self":[{"href":"https:\/\/www.bioetiikka.fi\/index.php?rest_route=\/wp\/v2\/pages\/78","targetHints":{"allow":["GET"]}}],"collection":[{"href":"https:\/\/www.bioetiikka.fi\/index.php?rest_route=\/wp\/v2\/pages"}],"about":[{"href":"https:\/\/www.bioetiikka.fi\/index.php?rest_route=\/wp\/v2\/types\/page"}],"author":[{"embeddable":true,"href":"https:\/\/www.bioetiikka.fi\/index.php?rest_route=\/wp\/v2\/users\/1"}],"replies":[{"embeddable":true,"href":"https:\/\/www.bioetiikka.fi\/index.php?rest_route=%2Fwp%2Fv2%2Fcomments&post=78"}],"version-history":[{"count":26,"href":"https:\/\/www.bioetiikka.fi\/index.php?rest_route=\/wp\/v2\/pages\/78\/revisions"}],"predecessor-version":[{"id":2429,"href":"https:\/\/www.bioetiikka.fi\/index.php?rest_route=\/wp\/v2\/pages\/78\/revisions\/2429"}],"wp:attachment":[{"href":"https:\/\/www.bioetiikka.fi\/index.php?rest_route=%2Fwp%2Fv2%2Fmedia&parent=78"}],"curies":[{"name":"wp","href":"https:\/\/api.w.org\/{rel}","templated":true}]}}