{"id":86,"date":"2015-09-11T13:00:32","date_gmt":"2015-09-11T13:00:32","guid":{"rendered":"http:\/\/www.bioetiikka.fi\/?page_id=86"},"modified":"2023-09-17T14:46:51","modified_gmt":"2023-09-17T11:46:51","slug":"linkit","status":"publish","type":"page","link":"https:\/\/www.bioetiikka.fi\/?page_id=86","title":{"rendered":"Linkit"},"content":{"rendered":"<h3>Suomalaisia sivustoja<\/h3>\n<p><a href=\"http:\/\/www.deliberaatio.org\/\" target=\"_blank\" rel=\"noopener noreferrer\">Deliberatiivisen Demokratian Instituutti<\/a>. Deliberatiivinen demokratia ja bioetiikka kuuluvat l\u00e4heisesti yhteen.<\/p>\n<p><a href=\"http:\/\/laaketieteenfilosofia.yhdistysavain.fi\/\" target=\"_blank\" rel=\"noopener noreferrer\">Suomen L\u00e4\u00e4ketieteen Filosofian Seura<\/a>.<\/p>\n<p><a href=\"http:\/\/www.sloes.fi\/\" target=\"_blank\" rel=\"noopener noreferrer\">Suomen L\u00e4\u00e4kint\u00e4oikeuden ja -etiikan Seura<\/a>.<\/p>\n<p>Helsingin yliopiston Teologisen tiedekunnan yll\u00e4pit\u00e4m\u00e4 <a href=\"http:\/\/www.helsinki.fi\/teol\/pro\/soseth\/bioetiikka\/index.html\" target=\"_blank\" rel=\"noopener noreferrer\">Bioetiikan kaista<\/a>.<\/p>\n<p>Matti H\u00e4yryn <a href=\"http:\/\/filosofia.fi\/node\/6860\" target=\"_blank\" rel=\"noopener noreferrer\">artikkeli<\/a> bioetiikasta, erityisesti filosofisesta n\u00e4k\u00f6kulmasta, LOGOS-ensyklopediassa.<\/p>\n<p><a href=\"https:\/\/www.utu.fi\/fi\/yksikot\/soc\/yksikot\/filosofia\/tutkimus\/tutkimus\/Sivut\/Bioetiikka.aspx\" target=\"_blank\" rel=\"noopener noreferrer\">Bioetiikan tutkimusta Turun filosofian oppiaineessa<\/a>. Turussa filosofian tutkijat ovat jo pitk\u00e4\u00e4n tutkineet bioetiikkaa. My\u00f6s <a href=\"https:\/\/blogit.utu.fi\/unescochairinbioethics\/\" target=\"_blank\" rel=\"noopener noreferrer\">UNESCO Chair in Bioethics Suomen yksikk\u00f6<\/a>.<\/p>\n<p><a href=\"http:\/\/www.palveluvalikoima.fi\" target=\"_blank\" rel=\"noopener noreferrer\">Palveluvalikoimaneuvosto<\/a>. Keskustelua julkisen terveydenhuollon keskeisist\u00e4 valinnoista.<\/p>\n<p><a href=\"http:\/\/blogs.helsinki.fi\/bioetiikanseminaari\/\" target=\"_blank\" rel=\"noopener noreferrer\">Bioetiikan tila ja tulevaisuus Suomessa -seminaari<\/a> j\u00e4rjestettiin Helsingin yliopistolla 26.-27.9.2013.<\/p>\n<p><a href=\"http:\/\/etiikka.fi\" target=\"_blank\" rel=\"noopener noreferrer\">Etiikka.fi<\/a>-sivustolla on ajankohtaisia kirjoituksia etiikan teemojen ymp\u00e4rilt\u00e4.<\/p>\n<p><a href=\"http:\/\/blogs.helsinki.fi\/socialethics\/\" target=\"_blank\" rel=\"noopener noreferrer\">Sosiaalietiikka.fi<\/a>-blogissa puolestaan kirjoituksia sosiaalietiikan aiheista.<\/p>\n<p><a href=\"http:\/\/www.areiopagi.fi\" target=\"_blank\" rel=\"noopener noreferrer\">Areiopagi.fi<\/a> on riippumaton verkkolehti, joka julkaisee artikkeleita luonnontieteen, filosofian ja teologian leikkauspisteist\u00e4 ja niiden liepeill\u00e4 liikkuvista aiheista.<\/p>\n<p>Sitran <a href=\"http:\/\/www.sitra.fi\/hyvinvointi\" target=\"_blank\" rel=\"noopener noreferrer\">hyvinvointi-teema<\/a>.<\/p>\n<p>Biopankkitietoa mm. sivuilla <a href=\"http:\/\/biopankki.fi\/\" target=\"_blank\" rel=\"noopener noreferrer\">biopankki.fi<\/a> ja <a href=\"http:\/\/www.bbmri.fi\/\" target=\"_blank\" rel=\"noopener noreferrer\">bbmri.fi<\/a>.<\/p>\n<p><a href=\"https:\/\/www.auriabiopankki.fi\/\" target=\"_blank\" rel=\"noopener noreferrer\">Auria Biopankki<\/a>.<\/p>\n<p><a href=\"http:\/\/www.gerec.fi\/\" target=\"_blank\" rel=\"noopener noreferrer\">Gerontologian tutkimuskeskus<\/a> (GEREC) on Jyv\u00e4skyl\u00e4n ja Tampereen yliopistojen vanhenemisen ja ik\u00e4\u00e4ntyv\u00e4n yhteiskunnan tutkimuksen yhteenliittym\u00e4. Luonnollisesti my\u00f6s bioeettiset kysymykset liittyv\u00e4t l\u00e4heisesti monin tavoin GEREC:n tutkimusteemoihin.<\/p>\n<p><a href=\"http:\/\/ficam.fi\/\" target=\"_blank\" rel=\"noopener noreferrer\">Vaihtoehtomenetelm\u00e4keskus el\u00e4inkokeille<\/a> (FICAM).<\/p>\n<h3>Ulkomaalaisia sivustoja<\/h3>\n<p><a href=\"http:\/\/www.thehastingscenter.org\/\" target=\"_blank\" rel=\"noopener noreferrer\">The Hastings Center<\/a> on bioetiikan tieteenalan ensimm\u00e4inen tutkimusinstituutti (perustettu vuonna 1969) ja my\u00f6s yh\u00e4 keskeinen alan kohtaamispaikka. Olemme aktiivisesti yhteydess\u00e4 Hastings Centerin henkil\u00f6kunnan kanssa. Erityisen suositeltava on instituutin julkaisema <a href=\"http:\/\/www.thehastingscenter.org\/Publications\/HCR\/Default.aspx\" target=\"_blank\" rel=\"noopener noreferrer\">The Hastings Center Report<\/a>, joka on helposti l\u00e4hestytt\u00e4viss\u00e4 my\u00f6s bioetiikan alaan v\u00e4hemm\u00e4n perehtyneille.<\/p>\n<p><a href=\"http:\/\/bioethics.hms.harvard.edu\/\" target=\"_blank\" rel=\"noopener noreferrer\">Harvardin yliopiston bioetiikka-keskus<\/a> on kanssa keskeinen toimija bioetiikan saralla ja taho, johon olemme aktiivisesti yhteydess\u00e4.<\/p>\n<p>Harvardin yliopiston tutkimussairaaloiden yhteydess\u00e4 toimiva, kuukausittain kokoontuva, t\u00e4ysin maallikoista koostuva <a href=\"http:\/\/bioethics.hms.harvard.edu\/community-ethics-committee-cec\" target=\"_blank\" rel=\"noopener noreferrer\">Community Ethics Committee<\/a> (CEC) laatii lausuntoja sairaaloiden hoitolinjausten eettisist\u00e4 sis\u00e4ll\u00f6ist\u00e4. My\u00f6s <a href=\"http:\/\/www.medicalethicsandme.org\/\" target=\"_blank\" rel=\"noopener noreferrer\">Medical Ethics &amp; Me -blogi<\/a> k\u00e4sittelee CEC:n kokousten teemoja.<\/p>\n<p><a href=\"http:\/\/petrieflom.law.harvard.edu\/\" target=\"_blank\" rel=\"noopener noreferrer\">Petrie-Flom Center<\/a> on Harvardin yliopiston oikeustieteellisess\u00e4 yksik\u00f6ss\u00e4 sijaitseva bio-oikeuden tutkimuskeskus.<\/p>\n<p><a href=\"http:\/\/bioethics.yale.edu\/\" target=\"_blank\" rel=\"noopener noreferrer\">Yalen yliopiston bioetiikka-keskus<\/a>. Tutkimuskeskus tekee my\u00f6s l\u00e4heist\u00e4 yhteisty\u00f6t\u00e4 Hastings Centerin kanssa.<\/p>\n<p><a href=\"https:\/\/kennedyinstitute.georgetown.edu\/\" target=\"_blank\" rel=\"noopener noreferrer\">Kennedy Institute of Ethics<\/a> on yhdysvaltalainen bioetiikan tutkimuskeskus. Vuonna 1971 perustettua keskusta pidet\u00e4\u00e4n maan toisiksi vanhimpana alan tutkimusinstituuttina. Yh\u00e4 nykyisin instituutti on alan keskeinen kohtaamispaikka. Keskus julkaisee my\u00f6s <a href=\"https:\/\/muse.jhu.edu\/journals\/kennedy_institute_of_ethics_journal\/\" target=\"_blank\" rel=\"noopener noreferrer\">Kennedy Institute of Ethics Journalia<\/a>, joka lukeutuu bioetiikan alan merkitt\u00e4viin julkaisuihin.<\/p>\n<p><a href=\"https:\/\/clinicalbioethics.georgetown.edu\/\" target=\"_blank\" rel=\"noopener noreferrer\">Edmund D. Pellegrino Center for Clinical Bioethics<\/a> Georgetownin yliopistossa.<\/p>\n<p><a href=\"http:\/\/onlinelibrary.wiley.com\/journal\/10.1111\/%28ISSN%291467-8519\" target=\"_blank\" rel=\"noopener noreferrer\">Bioethics<\/a>-lehti on alan keskeinen julkaisu.<\/p>\n<p><a href=\"http:\/\/www.tandfonline.com\/toc\/uajb20\/current\" target=\"_blank\" rel=\"noopener noreferrer\">American Journal of Bioethics<\/a>.<\/p>\n<p><a href=\"http:\/\/journals.cambridge.org\/action\/displayJournal?jid=CQH\" target=\"_blank\" rel=\"noopener noreferrer\">Cambridge Quarterly of Healthcare Ethics<\/a>.<\/p>\n<p><a href=\"http:\/\/jme.bmj.com\/\" target=\"_blank\" rel=\"noopener noreferrer\">Journal of Medical Ethics<\/a>.<\/p>\n<p><a href=\"http:\/\/www.thehastingscenter.org\/bioethicsforum\/\" target=\"_blank\" rel=\"noopener noreferrer\">Bioethics Forum<\/a> tarjoaa alustan ajankohtaiselle bioeettiselle keskustelulle.<\/p>\n<p><a href=\"https:\/\/innovativebioethicsforum.com\/\" target=\"_blank\" rel=\"noopener\" data-saferedirecturl=\"https:\/\/www.google.com\/url?q=https:\/\/innovativebioethicsforum.com\/&amp;source=gmail&amp;ust=1687163585529000&amp;usg=AOvVaw2vVqoOBHNXdJqmR1p6LlX9\">The Innovative Bioethics Forum<\/a>\u00a0on kansainv\u00e4linen yhteisty\u00f6alusta kriittiselle bioeettiselle keskustelulle. Foorumin j\u00e4senet tutkivat ja kirjoittavat artikkeleita ajankohtaisista aiheista.<\/p>\n<p><a href=\"http:\/\/www.bioethics.net\/\" target=\"_blank\" rel=\"noopener noreferrer\">Bioethics.net<\/a> v\u00e4litt\u00e4\u00e4 my\u00f6s ajankohtaiskeskustelua bioetiikasta.<\/p>\n<p><a href=\"http:\/\/www.crb.uu.se\/\" target=\"_blank\" rel=\"noopener noreferrer\">Centre for Research Ethics &amp; Bioethics<\/a> (CRB) on bioetiikan tutkimuskeskus Uppsalan yliopistossa.<\/p>\n<p><a href=\"http:\/\/www.eetikakeskus.ut.ee\/en\" target=\"_blank\" rel=\"noopener noreferrer\">Tarton yliopiston etiikkakeskus<\/a> on painottunut voimakkaasti bioetiikkaan.<\/p>\n<p><a href=\"http:\/\/www.med.uio.no\/helsam\/english\/about\/organization\/departments\/medical-ethics\/\" target=\"_blank\" rel=\"noopener noreferrer\">Centre for Medical Ethics<\/a> (CME) Oslon yliopistossa.<\/p>\n<p><a href=\"http:\/\/cbn.au.dk\/\" target=\"_blank\" rel=\"noopener noreferrer\">Centre for Bioethics and Nanoethics<\/a> Aarhusin yliopistossa.<\/p>\n<p><a href=\"https:\/\/www.scu.edu\/ethics\/\" target=\"_blank\" rel=\"noopener noreferrer\">Markkula Center for Applied Ethics<\/a> Santa Claran yliopistossa.<\/p>\n<p><a href=\"http:\/\/www.ndph.ox.ac.uk\/research\/ethox-centre\" target=\"_blank\" rel=\"noopener noreferrer\">Ethox Centre<\/a> on bioetiikan tutkimuskeskus Oxfordin yliopistossa.<\/p>\n<p><a href=\"http:\/\/www.practicalethics.ox.ac.uk\/\" target=\"_blank\" rel=\"noopener noreferrer\">Uehiro Centre for Practical Ethics<\/a> Oxfordin yliopistossa.<\/p>\n<p><a href=\"http:\/\/www.bristol.ac.uk\/social-community-medicine\/centres\/ethics\/\" target=\"_blank\" rel=\"noopener noreferrer\">Centre for Ethics in Medicine<\/a> Bristolin yliopistossa.<\/p>\n<p><a href=\"http:\/\/nuffieldbioethics.org\/\" target=\"_blank\" rel=\"noopener noreferrer\">Nuffield Council on Bioethics<\/a> on Isossa-Britanniassa toimiva riippumaton taho, joka keskustelee ja ottaa kantaa ajankohtaisiin bioeettisiin kysymyksiin.<\/p>\n<p><a href=\"http:\/\/www.ukcen.net\/\" target=\"_blank\" rel=\"noopener noreferrer\">UKCEN Clinical Ethics Network<\/a> on kliinisen etiikan tutkimusverkosto Isossa-Britanniassa.<\/p>\n<p><a href=\"http:\/\/ncbio.org\/english\/\" target=\"_blank\" rel=\"noopener noreferrer\">Pohjoismainen bioetiikan neuvottelukunta<\/a>.<\/p>\n<p><a href=\"http:\/\/www.coe.int\/T\/DG3\/Healthbioethic\/\" target=\"_blank\" rel=\"noopener noreferrer\">Bioetiikkaa Euroopan neuvostossa<\/a> (Council of Europe).<\/p>\n<p><a href=\"http:\/\/www.unesco.org\/new\/en\/social-and-human-sciences\/themes\/bioethics\/\" target=\"_blank\" rel=\"noopener noreferrer\">Bioetiikkaa UNESCO:ssa<\/a>.<\/p>\n<p><a href=\"http:\/\/ec.europa.eu\/research\/ege\/index.cfm\" target=\"_blank\" rel=\"noopener noreferrer\">The European Group on Ethics in Science and New Technologies<\/a> (EGE).<\/p>\n","protected":false},"excerpt":{"rendered":"<p>Suomalaisia sivustoja Deliberatiivisen Demokratian Instituutti. Deliberatiivinen demokratia ja bioetiikka kuuluvat l\u00e4heisesti yhteen. Suomen L\u00e4\u00e4ketieteen Filosofian Seura. Suomen L\u00e4\u00e4kint\u00e4oikeuden ja -etiikan Seura. Helsingin yliopiston Teologisen tiedekunnan yll\u00e4pit\u00e4m\u00e4 Bioetiikan kaista. Matti H\u00e4yryn artikkeli bioetiikasta, erityisesti filosofisesta n\u00e4k\u00f6kulmasta, LOGOS-ensyklopediassa. Bioetiikan tutkimusta Turun filosofian oppiaineessa. Turussa filosofian tutkijat ovat jo pitk\u00e4\u00e4n tutkineet bioetiikkaa. My\u00f6s UNESCO Chair in Bioethics Suomen &hellip; <\/p>\n<p class=\"link-more\"><a href=\"https:\/\/www.bioetiikka.fi\/?page_id=86\" class=\"more-link\">Jatka lukemista<span class=\"screen-reader-text\"> &#8221;Linkit&#8221;<\/span><\/a><\/p>\n","protected":false},"author":1,"featured_media":0,"parent":0,"menu_order":6,"comment_status":"closed","ping_status":"closed","template":"","meta":{"_uag_custom_page_level_css":"","footnotes":""},"class_list":["post-86","page","type-page","status-publish","hentry"],"yoast_head":"<!-- This site is optimized with the Yoast SEO plugin v27.5 - https:\/\/yoast.com\/product\/yoast-seo-wordpress\/ -->\n<title>Linkit - Bioetiikan instituutti<\/title>\n<meta name=\"robots\" content=\"index, follow, max-snippet:-1, max-image-preview:large, max-video-preview:-1\" \/>\n<link rel=\"canonical\" href=\"https:\/\/www.bioetiikka.fi\/?page_id=86\" \/>\n<meta property=\"og:locale\" content=\"fi_FI\" \/>\n<meta property=\"og:type\" content=\"article\" \/>\n<meta property=\"og:title\" content=\"Linkit - Bioetiikan instituutti\" \/>\n<meta property=\"og:description\" content=\"Suomalaisia sivustoja Deliberatiivisen Demokratian Instituutti. Deliberatiivinen demokratia ja bioetiikka kuuluvat l\u00e4heisesti yhteen. Suomen L\u00e4\u00e4ketieteen Filosofian Seura. Suomen L\u00e4\u00e4kint\u00e4oikeuden ja -etiikan Seura. Helsingin yliopiston Teologisen tiedekunnan yll\u00e4pit\u00e4m\u00e4 Bioetiikan kaista. Matti H\u00e4yryn artikkeli bioetiikasta, erityisesti filosofisesta n\u00e4k\u00f6kulmasta, LOGOS-ensyklopediassa. Bioetiikan tutkimusta Turun filosofian oppiaineessa. Turussa filosofian tutkijat ovat jo pitk\u00e4\u00e4n tutkineet bioetiikkaa. My\u00f6s UNESCO Chair in Bioethics Suomen &hellip; Jatka lukemista &quot;Linkit&quot;\" \/>\n<meta property=\"og:url\" content=\"https:\/\/www.bioetiikka.fi\/?page_id=86\" \/>\n<meta property=\"og:site_name\" content=\"Bioetiikan instituutti\" \/>\n<meta property=\"article:modified_time\" content=\"2023-09-17T11:46:51+00:00\" \/>\n<meta name=\"twitter:card\" content=\"summary_large_image\" \/>\n<meta name=\"twitter:label1\" content=\"Arvioitu lukuaika\" \/>\n\t<meta name=\"twitter:data1\" content=\"3 minuuttia\" \/>\n<script type=\"application\/ld+json\" class=\"yoast-schema-graph\">{\"@context\":\"https:\\\/\\\/schema.org\",\"@graph\":[{\"@type\":\"WebPage\",\"@id\":\"https:\\\/\\\/www.bioetiikka.fi\\\/?page_id=86\",\"url\":\"https:\\\/\\\/www.bioetiikka.fi\\\/?page_id=86\",\"name\":\"Linkit - Bioetiikan instituutti\",\"isPartOf\":{\"@id\":\"https:\\\/\\\/www.bioetiikka.fi\\\/#website\"},\"datePublished\":\"2015-09-11T13:00:32+00:00\",\"dateModified\":\"2023-09-17T11:46:51+00:00\",\"breadcrumb\":{\"@id\":\"https:\\\/\\\/www.bioetiikka.fi\\\/?page_id=86#breadcrumb\"},\"inLanguage\":\"fi\",\"potentialAction\":[{\"@type\":\"ReadAction\",\"target\":[\"https:\\\/\\\/www.bioetiikka.fi\\\/?page_id=86\"]}]},{\"@type\":\"BreadcrumbList\",\"@id\":\"https:\\\/\\\/www.bioetiikka.fi\\\/?page_id=86#breadcrumb\",\"itemListElement\":[{\"@type\":\"ListItem\",\"position\":1,\"name\":\"Home\",\"item\":\"https:\\\/\\\/www.bioetiikka.fi\\\/\"},{\"@type\":\"ListItem\",\"position\":2,\"name\":\"Linkit\"}]},{\"@type\":\"WebSite\",\"@id\":\"https:\\\/\\\/www.bioetiikka.fi\\\/#website\",\"url\":\"https:\\\/\\\/www.bioetiikka.fi\\\/\",\"name\":\"Bioetiikan instituutti\",\"description\":\"Edist&auml;mme bioetiikan tiedonalan tuntemusta ja k&auml;yt&auml;nn&ouml;n vaikutusta Suomessa\",\"potentialAction\":[{\"@type\":\"SearchAction\",\"target\":{\"@type\":\"EntryPoint\",\"urlTemplate\":\"https:\\\/\\\/www.bioetiikka.fi\\\/?s={search_term_string}\"},\"query-input\":{\"@type\":\"PropertyValueSpecification\",\"valueRequired\":true,\"valueName\":\"search_term_string\"}}],\"inLanguage\":\"fi\"}]}<\/script>\n<!-- \/ Yoast SEO plugin. -->","yoast_head_json":{"title":"Linkit - Bioetiikan instituutti","robots":{"index":"index","follow":"follow","max-snippet":"max-snippet:-1","max-image-preview":"max-image-preview:large","max-video-preview":"max-video-preview:-1"},"canonical":"https:\/\/www.bioetiikka.fi\/?page_id=86","og_locale":"fi_FI","og_type":"article","og_title":"Linkit - Bioetiikan instituutti","og_description":"Suomalaisia sivustoja Deliberatiivisen Demokratian Instituutti. Deliberatiivinen demokratia ja bioetiikka kuuluvat l\u00e4heisesti yhteen. Suomen L\u00e4\u00e4ketieteen Filosofian Seura. Suomen L\u00e4\u00e4kint\u00e4oikeuden ja -etiikan Seura. Helsingin yliopiston Teologisen tiedekunnan yll\u00e4pit\u00e4m\u00e4 Bioetiikan kaista. Matti H\u00e4yryn artikkeli bioetiikasta, erityisesti filosofisesta n\u00e4k\u00f6kulmasta, LOGOS-ensyklopediassa. Bioetiikan tutkimusta Turun filosofian oppiaineessa. Turussa filosofian tutkijat ovat jo pitk\u00e4\u00e4n tutkineet bioetiikkaa. My\u00f6s UNESCO Chair in Bioethics Suomen &hellip; Jatka lukemista \"Linkit\"","og_url":"https:\/\/www.bioetiikka.fi\/?page_id=86","og_site_name":"Bioetiikan instituutti","article_modified_time":"2023-09-17T11:46:51+00:00","twitter_card":"summary_large_image","twitter_misc":{"Arvioitu lukuaika":"3 minuuttia"},"schema":{"@context":"https:\/\/schema.org","@graph":[{"@type":"WebPage","@id":"https:\/\/www.bioetiikka.fi\/?page_id=86","url":"https:\/\/www.bioetiikka.fi\/?page_id=86","name":"Linkit - Bioetiikan instituutti","isPartOf":{"@id":"https:\/\/www.bioetiikka.fi\/#website"},"datePublished":"2015-09-11T13:00:32+00:00","dateModified":"2023-09-17T11:46:51+00:00","breadcrumb":{"@id":"https:\/\/www.bioetiikka.fi\/?page_id=86#breadcrumb"},"inLanguage":"fi","potentialAction":[{"@type":"ReadAction","target":["https:\/\/www.bioetiikka.fi\/?page_id=86"]}]},{"@type":"BreadcrumbList","@id":"https:\/\/www.bioetiikka.fi\/?page_id=86#breadcrumb","itemListElement":[{"@type":"ListItem","position":1,"name":"Home","item":"https:\/\/www.bioetiikka.fi\/"},{"@type":"ListItem","position":2,"name":"Linkit"}]},{"@type":"WebSite","@id":"https:\/\/www.bioetiikka.fi\/#website","url":"https:\/\/www.bioetiikka.fi\/","name":"Bioetiikan instituutti","description":"Edist&auml;mme bioetiikan tiedonalan tuntemusta ja k&auml;yt&auml;nn&ouml;n vaikutusta Suomessa","potentialAction":[{"@type":"SearchAction","target":{"@type":"EntryPoint","urlTemplate":"https:\/\/www.bioetiikka.fi\/?s={search_term_string}"},"query-input":{"@type":"PropertyValueSpecification","valueRequired":true,"valueName":"search_term_string"}}],"inLanguage":"fi"}]}},"uagb_featured_image_src":{"full":false,"thumbnail":false,"medium":false,"medium_large":false,"large":false,"1536x1536":false,"2048x2048":false,"twentyseventeen-featured-image":false,"twentyseventeen-thumbnail-avatar":false},"uagb_author_info":{"display_name":"Yll\u00e4pito","author_link":"https:\/\/www.bioetiikka.fi\/?author=1"},"uagb_comment_info":0,"uagb_excerpt":"Suomalaisia sivustoja Deliberatiivisen Demokratian Instituutti. Deliberatiivinen demokratia ja bioetiikka kuuluvat l\u00e4heisesti yhteen. Suomen L\u00e4\u00e4ketieteen Filosofian Seura. Suomen L\u00e4\u00e4kint\u00e4oikeuden ja -etiikan Seura. Helsingin yliopiston Teologisen tiedekunnan yll\u00e4pit\u00e4m\u00e4 Bioetiikan kaista. Matti H\u00e4yryn artikkeli bioetiikasta, erityisesti filosofisesta n\u00e4k\u00f6kulmasta, LOGOS-ensyklopediassa. Bioetiikan tutkimusta Turun filosofian oppiaineessa. Turussa filosofian tutkijat ovat jo pitk\u00e4\u00e4n tutkineet bioetiikkaa. My\u00f6s UNESCO Chair in Bioethics Suomen&hellip;","_links":{"self":[{"href":"https:\/\/www.bioetiikka.fi\/index.php?rest_route=\/wp\/v2\/pages\/86","targetHints":{"allow":["GET"]}}],"collection":[{"href":"https:\/\/www.bioetiikka.fi\/index.php?rest_route=\/wp\/v2\/pages"}],"about":[{"href":"https:\/\/www.bioetiikka.fi\/index.php?rest_route=\/wp\/v2\/types\/page"}],"author":[{"embeddable":true,"href":"https:\/\/www.bioetiikka.fi\/index.php?rest_route=\/wp\/v2\/users\/1"}],"replies":[{"embeddable":true,"href":"https:\/\/www.bioetiikka.fi\/index.php?rest_route=%2Fwp%2Fv2%2Fcomments&post=86"}],"version-history":[{"count":34,"href":"https:\/\/www.bioetiikka.fi\/index.php?rest_route=\/wp\/v2\/pages\/86\/revisions"}],"predecessor-version":[{"id":2519,"href":"https:\/\/www.bioetiikka.fi\/index.php?rest_route=\/wp\/v2\/pages\/86\/revisions\/2519"}],"wp:attachment":[{"href":"https:\/\/www.bioetiikka.fi\/index.php?rest_route=%2Fwp%2Fv2%2Fmedia&parent=86"}],"curies":[{"name":"wp","href":"https:\/\/api.w.org\/{rel}","templated":true}]}}